{"id":7,"date":"2025-12-04T20:02:41","date_gmt":"2025-12-04T20:02:41","guid":{"rendered":"https:\/\/www.ptcbio.ca\/fr\/about-ptc\/"},"modified":"2026-02-10T12:42:15","modified_gmt":"2026-02-10T17:42:15","slug":"a-propos-de-ptc","status":"publish","type":"page","link":"https:\/\/www.ptcbio.ca\/fr\/a-propos-de-ptc\/","title":{"rendered":"\u00c0 propos de PTC"},"content":{"rendered":"<div class=\"hero-header__outer-container\">\n\n\t<div class=\"hero hero--styled color-theme--light-blue hero--has-image hero--normal-spacing\">\n\t\t\t\t\t\t\t\t\t\t<div class=\"hero__inner hero__inner--left\">\n\t\t\t<div class=\"hero__content hero__content--left hero__content--has-image\">\n\t\t\t\t\t\t\t\t\t\t\t\t<div class=\"hero__eyebrow\">\u00c0 propos de PTC<\/div>\n\t\t\t\t\t\t\t\t\t\t\t\t<div class=\"u-mt-1 u-my-2\"><h1 class=\"hero__title hero__title--standard\" data-ptc-fitty=\"\">Les patients sont notre priorit\u00e9<\/h1><\/div>\n\t\t\t\t\t\t\t\t\t\t\t\t<div class=\"hero__subtitle\">Tout ce que nous avons fait, chaque \u00e9tude, chaque exp\u00e9rience, chaque investissement, vise d\u2019abord et avant tout \u00e0 changer le cours des maladies rares pour la vie de nos patients.<\/div>\n\t\t\t\t\t\t\t\t\t\t\t<\/div>\n\t\t\t\t\t\t\t<figure class=\"hero__image-wrapper hero__image-wrapper--left\">\n\t\t\t\t\t\t\t\t\t<img loading=\"lazy\" decoding=\"async\" width=\"472\" height=\"494\" src=\"https:\/\/www.ptcbio.ca\/fr\/wp-content\/uploads\/sites\/28\/2026\/02\/about-hero.png\" class=\"hero__image\" alt=\"About PTC Hero\" srcset=\"https:\/\/www.ptcbio.ca\/fr\/wp-content\/uploads\/sites\/28\/2026\/02\/about-hero.png 472w, https:\/\/www.ptcbio.ca\/fr\/wp-content\/uploads\/sites\/28\/2026\/02\/about-hero-287x300.png 287w, https:\/\/www.ptcbio.ca\/fr\/wp-content\/uploads\/sites\/28\/2026\/02\/about-hero-400x419.png 400w\" sizes=\"auto, (max-width: 472px) 100vw, 472px\" \/>\t\t\t\t\t\t\t\t<\/figure>\n\t\t\t\t\t<\/div>\n\t\t\t<\/div>\n\t\t\t<div class=\"hero__breadcrumbs\"><nav\n\tclass=\"breadcrumbs breadcrumbs--shallow\"\n\taria-label=\"Breadcrumb\"\n>\n\t<ol class=\"breadcrumbs__list\" itemscope itemtype=\"https:\/\/schema.org\/BreadcrumbList\">\n\t\t\t\t\t\t\t\t\t<li class=\"breadcrumbs__crumb breadcrumbs__crumb--dark\" itemscope itemprop=\"itemListElement\" itemtype=\"https:\/\/schema.org\/ListItem\">\n\t\t\t\t\t\t\t\t\t\t\t<a class=\"breadcrumbs__link breadcrumbs__link--home breadcrumbs__link--dark\" itemprop=\"item\" href=\"https:\/\/www.ptcbio.ca\/fr\/\">\n\t\t\t\t\t\t\t<span class=\"sr-only\" itemprop=\"name\">Page D&rsquo;accueil<\/span>\n\t\t\t\t\t\t<\/a>\n\t\t\t\t\t\t\t\t\t\t<meta itemprop=\"position\" content=\"1\" \/>\n\t\t\t\t<\/li>\n\t\t\t\t\t\t\t\t\t\t\t\t<li class=\"breadcrumbs__crumb breadcrumbs__crumb--dark\" itemscope itemprop=\"itemListElement\" itemtype=\"https:\/\/schema.org\/ListItem\">\n\t\t\t\t\t\t\t\t\t\t\t\t\t\t\t\t\t\t<span\n\t\t\t\t\t\t\t\tclass=\"breadcrumbs__current\" itemprop=\"item\"\n\t\t\t\t\t\t\t\taria-current=\"page\"\t\t\t\t\t\t\t>\n\t\t\t\t\t\t\t\t<span itemprop=\"name\">\u00c0 propos de PTC<\/span>\n\t\t\t\t\t\t\t<\/span>\n\t\t\t\t\t\t\t\t\t\t\t\t\t\t\t\t<meta itemprop=\"position\" content=\"2\" \/>\n\t\t\t\t<\/li>\n\t\t\t\t\t\t<\/ol>\n<\/nav>\n<\/div>\n\t<\/div>\n\n\n\n<section  class=\"featured-copy container container--padded container--max-width\">\n\t\n\t<div class=\"featured-copy__inner\">\n\t\t<div class=\"featured-copy__background-mask\">\n\t\t\t<div class=\"featured-copy__title heading--5\">\n\t\t\t\tMission et vision\t\t\t<\/div>\n\t\t\t<hr class=\"featured-copy__separator featured-copy__separator--violet\">\n\t\t\t<div class=\"featured-copy__subheading heading--5\">\n\t\t\t\tChez PTC, nos plus grandes r\u00e9ussites sont\t\t\t<\/div>\n\t\t\t\t\t\t\t<h2 class=\"featured-copy__heading heading--2\">\n\t\t\t\t\t<i>mesur\u00e9es en moments<\/i>\t\t\t\t<\/h2>\n\t\t\t\t\t\t<div class=\"featured-copy__text wysiwyg wysiwyg--pure body-copy--2\">\n\t\t\t\t<p>PTC s\u2019engage \u00e0 offrir l\u2019acc\u00e8s \u00e0 des traitements de premier plan aux patients qui ont peu ou pas d\u2019options de traitement.<\/p>\n<p>Cette mission soutient notre priorit\u00e9\u00a0: d\u00e9couvrir, d\u00e9velopper et commercialiser \u00e0 l\u2019\u00e9chelle mondiale des m\u00e9dicaments cliniquement diff\u00e9renci\u00e9s pour les personnes atteintes de maladies rares.<\/p>\n<p>En tant qu\u2019entreprise pharmaceutique mondiale ax\u00e9e sur le patient, nous combinons l\u2019expertise clinique et scientifique avec une science et une technologie r\u00e9volutionnaire, toujours en pensant au patient. Nous mettons tout en \u0153uvre pour offrir un large acc\u00e8s \u00e0 nos traitements qui changent la vie. Ce qui nous motive, c\u2019est notre passion d\u2019offrir aux patients plus de moments avec leur famille.<\/p>\n\t\t\t<\/div>\n\t\t<\/div>\n\t<\/div>\n<\/section>\n\n\n\n<div style=\"--mg-spacer-desktop: 34px; --mg-spacer-mobile: 17px; height: var(--mg-spacer-desktop);\" aria-hidden=\"true\" class=\"mg-spacer--responsive wp-block-spacer\"><\/div>\n\n\n<div  class=\"text-block text-block--standard color-theme--sky-blue-partial\">\n\t\t<div class=\"text-block__wrapper\" >\n\n\t\t\n\t\t\t\t\t<h2 class=\"text-block__heading\">\n\t\t\t\t<span class=\"heading--2\"  data-ptc-fitty=\"\">Nous aimerions avoir de vos nouvelles<\/span>\n\t\t\t<\/h2>\n\t\t\n\t\t<div class=\"text-block__content wysiwyg--decoration wysiwyg--color\">\n\t\t\t<p><br data-mce-bogus=\"1\"><\/p>\n\t\t<\/div>\n\n\t\t\n\t\t\t<div class=\"dual-cta__ctas dual-cta__ctas--same dual-cta__ctas--center\">\n\n\t\t\t\t\t<a href=\"https:\/\/www.ptcbio.ca\/fr\/communiquer-avec-nous\" target=\"\" class=\"dual-cta__button btn btn--primary\">Communiquer avec nous<\/a>\n\t\t\n\t\t\n\t\t\n\t<\/div>\n\n\t<\/div>\n<\/div>\n\n","protected":false},"excerpt":{"rendered":"","protected":false},"author":14,"featured_media":0,"parent":0,"menu_order":0,"comment_status":"closed","ping_status":"closed","template":"","meta":{"_acf_changed":false,"footnotes":""},"class_list":["post-7","page","type-page","status-publish","hentry"],"acf":[],"yoast_head":"<!-- This site is optimized with the Yoast SEO Premium plugin v27.2 (Yoast SEO v27.2) - https:\/\/yoast.com\/product\/yoast-seo-premium-wordpress\/ -->\n<title>\u00c0 propos de PTC - PTC Therapeutics (Canada-French)<\/title>\n<meta name=\"robots\" content=\"index, follow, max-snippet:-1, max-image-preview:large, max-video-preview:-1\" \/>\n<link rel=\"canonical\" href=\"https:\/\/www.ptcbio.ca\/fr\/a-propos-de-ptc\/\" \/>\n<meta property=\"og:locale\" content=\"fr_CA\" \/>\n<meta property=\"og:type\" content=\"article\" \/>\n<meta property=\"og:title\" content=\"\u00c0 propos de PTC\" \/>\n<meta property=\"og:url\" content=\"https:\/\/www.ptcbio.ca\/fr\/a-propos-de-ptc\/\" \/>\n<meta property=\"og:site_name\" content=\"PTC Therapeutics (Canada-French)\" \/>\n<meta property=\"article:modified_time\" content=\"2026-02-10T17:42:15+00:00\" \/>\n<meta name=\"twitter:card\" content=\"summary_large_image\" \/>\n<script type=\"application\/ld+json\" class=\"yoast-schema-graph\">{\"@context\":\"https:\/\/schema.org\",\"@graph\":[{\"@type\":\"WebPage\",\"@id\":\"https:\/\/www.ptcbio.ca\/fr\/a-propos-de-ptc\/\",\"url\":\"https:\/\/www.ptcbio.ca\/fr\/a-propos-de-ptc\/\",\"name\":\"\u00c0 propos de PTC - PTC Therapeutics (Canada-French)\",\"isPartOf\":{\"@id\":\"https:\/\/www.ptcbio.ca\/fr\/#website\"},\"datePublished\":\"2025-12-04T20:02:41+00:00\",\"dateModified\":\"2026-02-10T17:42:15+00:00\",\"breadcrumb\":{\"@id\":\"https:\/\/www.ptcbio.ca\/fr\/a-propos-de-ptc\/#breadcrumb\"},\"inLanguage\":\"fr-CA\",\"potentialAction\":[{\"@type\":\"ReadAction\",\"target\":[\"https:\/\/www.ptcbio.ca\/fr\/a-propos-de-ptc\/\"]}]},{\"@type\":\"BreadcrumbList\",\"@id\":\"https:\/\/www.ptcbio.ca\/fr\/a-propos-de-ptc\/#breadcrumb\",\"itemListElement\":[{\"@type\":\"ListItem\",\"position\":1,\"name\":\"Home\",\"item\":\"https:\/\/www.ptcbio.ca\/fr\/\"},{\"@type\":\"ListItem\",\"position\":2,\"name\":\"\u00c0 propos de PTC\"}]},{\"@type\":\"WebSite\",\"@id\":\"https:\/\/www.ptcbio.ca\/fr\/#website\",\"url\":\"https:\/\/www.ptcbio.ca\/fr\/\",\"name\":\"PTC Therapeutics (Canada-French)\",\"description\":\"\",\"publisher\":{\"@id\":\"https:\/\/www.ptcbio.ca\/fr\/#organization\"},\"potentialAction\":[{\"@type\":\"SearchAction\",\"target\":{\"@type\":\"EntryPoint\",\"urlTemplate\":\"https:\/\/www.ptcbio.ca\/fr\/?s={search_term_string}\"},\"query-input\":{\"@type\":\"PropertyValueSpecification\",\"valueRequired\":true,\"valueName\":\"search_term_string\"}}],\"inLanguage\":\"fr-CA\"},{\"@type\":\"Organization\",\"@id\":\"https:\/\/www.ptcbio.ca\/fr\/#organization\",\"name\":\"PTC Therapeutics (Canada-French)\",\"url\":\"https:\/\/www.ptcbio.ca\/fr\/\",\"logo\":{\"@type\":\"ImageObject\",\"inLanguage\":\"fr-CA\",\"@id\":\"https:\/\/www.ptcbio.ca\/fr\/#\/schema\/logo\/image\/\",\"url\":\"https:\/\/www.ptcbio.ca\/fr\/wp-content\/uploads\/sites\/28\/2026\/04\/ptcLogo.png\",\"contentUrl\":\"https:\/\/www.ptcbio.ca\/fr\/wp-content\/uploads\/sites\/28\/2026\/04\/ptcLogo.png\",\"width\":542,\"height\":542,\"caption\":\"PTC Therapeutics (Canada-French)\"},\"image\":{\"@id\":\"https:\/\/www.ptcbio.ca\/fr\/#\/schema\/logo\/image\/\"}}]}<\/script>\n<!-- \/ Yoast SEO Premium plugin. -->","yoast_head_json":{"title":"\u00c0 propos de PTC - PTC Therapeutics (Canada-French)","robots":{"index":"index","follow":"follow","max-snippet":"max-snippet:-1","max-image-preview":"max-image-preview:large","max-video-preview":"max-video-preview:-1"},"canonical":"https:\/\/www.ptcbio.ca\/fr\/a-propos-de-ptc\/","og_locale":"fr_CA","og_type":"article","og_title":"\u00c0 propos de PTC","og_url":"https:\/\/www.ptcbio.ca\/fr\/a-propos-de-ptc\/","og_site_name":"PTC Therapeutics (Canada-French)","article_modified_time":"2026-02-10T17:42:15+00:00","twitter_card":"summary_large_image","schema":{"@context":"https:\/\/schema.org","@graph":[{"@type":"WebPage","@id":"https:\/\/www.ptcbio.ca\/fr\/a-propos-de-ptc\/","url":"https:\/\/www.ptcbio.ca\/fr\/a-propos-de-ptc\/","name":"\u00c0 propos de PTC - PTC Therapeutics (Canada-French)","isPartOf":{"@id":"https:\/\/www.ptcbio.ca\/fr\/#website"},"datePublished":"2025-12-04T20:02:41+00:00","dateModified":"2026-02-10T17:42:15+00:00","breadcrumb":{"@id":"https:\/\/www.ptcbio.ca\/fr\/a-propos-de-ptc\/#breadcrumb"},"inLanguage":"fr-CA","potentialAction":[{"@type":"ReadAction","target":["https:\/\/www.ptcbio.ca\/fr\/a-propos-de-ptc\/"]}]},{"@type":"BreadcrumbList","@id":"https:\/\/www.ptcbio.ca\/fr\/a-propos-de-ptc\/#breadcrumb","itemListElement":[{"@type":"ListItem","position":1,"name":"Home","item":"https:\/\/www.ptcbio.ca\/fr\/"},{"@type":"ListItem","position":2,"name":"\u00c0 propos de PTC"}]},{"@type":"WebSite","@id":"https:\/\/www.ptcbio.ca\/fr\/#website","url":"https:\/\/www.ptcbio.ca\/fr\/","name":"PTC Therapeutics (Canada-French)","description":"","publisher":{"@id":"https:\/\/www.ptcbio.ca\/fr\/#organization"},"potentialAction":[{"@type":"SearchAction","target":{"@type":"EntryPoint","urlTemplate":"https:\/\/www.ptcbio.ca\/fr\/?s={search_term_string}"},"query-input":{"@type":"PropertyValueSpecification","valueRequired":true,"valueName":"search_term_string"}}],"inLanguage":"fr-CA"},{"@type":"Organization","@id":"https:\/\/www.ptcbio.ca\/fr\/#organization","name":"PTC Therapeutics (Canada-French)","url":"https:\/\/www.ptcbio.ca\/fr\/","logo":{"@type":"ImageObject","inLanguage":"fr-CA","@id":"https:\/\/www.ptcbio.ca\/fr\/#\/schema\/logo\/image\/","url":"https:\/\/www.ptcbio.ca\/fr\/wp-content\/uploads\/sites\/28\/2026\/04\/ptcLogo.png","contentUrl":"https:\/\/www.ptcbio.ca\/fr\/wp-content\/uploads\/sites\/28\/2026\/04\/ptcLogo.png","width":542,"height":542,"caption":"PTC Therapeutics (Canada-French)"},"image":{"@id":"https:\/\/www.ptcbio.ca\/fr\/#\/schema\/logo\/image\/"}}]}},"_links":{"self":[{"href":"https:\/\/www.ptcbio.ca\/fr\/wp-json\/wp\/v2\/pages\/7","targetHints":{"allow":["GET"]}}],"collection":[{"href":"https:\/\/www.ptcbio.ca\/fr\/wp-json\/wp\/v2\/pages"}],"about":[{"href":"https:\/\/www.ptcbio.ca\/fr\/wp-json\/wp\/v2\/types\/page"}],"author":[{"embeddable":true,"href":"https:\/\/www.ptcbio.ca\/fr\/wp-json\/wp\/v2\/users\/14"}],"replies":[{"embeddable":true,"href":"https:\/\/www.ptcbio.ca\/fr\/wp-json\/wp\/v2\/comments?post=7"}],"version-history":[{"count":8,"href":"https:\/\/www.ptcbio.ca\/fr\/wp-json\/wp\/v2\/pages\/7\/revisions"}],"predecessor-version":[{"id":17755,"href":"https:\/\/www.ptcbio.ca\/fr\/wp-json\/wp\/v2\/pages\/7\/revisions\/17755"}],"wp:attachment":[{"href":"https:\/\/www.ptcbio.ca\/fr\/wp-json\/wp\/v2\/media?parent=7"}],"curies":[{"name":"wp","href":"https:\/\/api.w.org\/{rel}","templated":true}]}}