{"id":27,"date":"2025-12-04T20:03:12","date_gmt":"2025-12-04T20:03:12","guid":{"rendered":"https:\/\/www.ptcbio.ca\/fr\/insightful-moments\/"},"modified":"2026-02-18T11:54:38","modified_gmt":"2026-02-18T16:54:38","slug":"insightful-moments","status":"publish","type":"page","link":"https:\/\/www.ptcbio.ca\/fr\/insightful-moments\/","title":{"rendered":"Insightful Moments"},"content":{"rendered":"<div class=\"hero-header__outer-container\">\n\n\t<div class=\"hero hero--styled color-theme--light-blue hero--no-image hero--normal-spacing\">\n\t\t\t\t\t\t\t\t\t\t<div class=\"hero__inner hero__inner--center\">\n\t\t\t<div class=\"hero__content hero__content--center hero__content--no-image\">\n\t\t\t\t\t\t\t\t\t\t\t\t<div class=\"hero__eyebrow\">Ressources pour les patients<\/div>\n\t\t\t\t\t\t\t\t\t\t\t\t<div class=\"u-mt-1 u-my-2\"><h1 class=\"hero__title hero__title--standard\" data-ptc-fitty=\"\">Bienvenue \u00e0 Insightful Moments<sup>MC<\/sup><\/h1><\/div>\n\t\t\t\t\t\t\t\t\t\t\t\t<div class=\"hero__subtitle\">Insightful Moments est une s\u00e9rie de ressources \u00e9ducatives communautaires cr\u00e9\u00e9e pour soutenir les patients atteints de maladies rares et leur famille.<\/div>\n\t\t\t\t\t\t\t\t\t\t\t<\/div>\n\t\t\t\t\t<\/div>\n\t\t\t<\/div>\n\t\t\t<div class=\"hero__breadcrumbs\"><nav\n\tclass=\"breadcrumbs breadcrumbs--shallow\"\n\taria-label=\"Breadcrumb\"\n>\n\t<ol class=\"breadcrumbs__list\" itemscope itemtype=\"https:\/\/schema.org\/BreadcrumbList\">\n\t\t\t\t\t\t\t\t\t<li class=\"breadcrumbs__crumb breadcrumbs__crumb--dark\" itemscope itemprop=\"itemListElement\" itemtype=\"https:\/\/schema.org\/ListItem\">\n\t\t\t\t\t\t\t\t\t\t\t<a class=\"breadcrumbs__link breadcrumbs__link--home breadcrumbs__link--dark\" itemprop=\"item\" href=\"https:\/\/www.ptcbio.ca\/fr\/\">\n\t\t\t\t\t\t\t<span class=\"sr-only\" itemprop=\"name\">Page D&rsquo;accueil<\/span>\n\t\t\t\t\t\t<\/a>\n\t\t\t\t\t\t\t\t\t\t<meta itemprop=\"position\" content=\"1\" \/>\n\t\t\t\t<\/li>\n\t\t\t\t\t\t\t\t\t\t\t\t<li class=\"breadcrumbs__crumb breadcrumbs__crumb--dark\" itemscope itemprop=\"itemListElement\" itemtype=\"https:\/\/schema.org\/ListItem\">\n\t\t\t\t\t\t\t\t\t\t\t\t\t\t\t\t\t\t<span\n\t\t\t\t\t\t\t\tclass=\"breadcrumbs__current\" itemprop=\"item\"\n\t\t\t\t\t\t\t\taria-current=\"page\"\t\t\t\t\t\t\t>\n\t\t\t\t\t\t\t\t<span itemprop=\"name\">Insightful Moments<\/span>\n\t\t\t\t\t\t\t<\/span>\n\t\t\t\t\t\t\t\t\t\t\t\t\t\t\t\t<meta itemprop=\"position\" content=\"2\" \/>\n\t\t\t\t<\/li>\n\t\t\t\t\t\t<\/ol>\n<\/nav>\n<\/div>\n\t<\/div>\n\n\n<div class=\"accordion-block\" id=\"block_accordion69ec5c944af12 \">\n\t\n\t\t\t<div class=\"title-text\">\n\t\t\t<h2 class=\"title-text__heading \">\n\t<span class=\"title-text__pseudo title-text__pseudo--before\" style=\"background-color: var( --wp--preset--color--violet );\"><\/span>\n\t<span class=\"title-text__text\">Ressources de la s\u00e9rie \u00e9ducative Insightful Moments<\/span>\n\t<span class=\"title-text__pseudo title-text__pseudo--after\" style=\"background-color: var( --wp--preset--color--violet );\"><\/span>\n<\/h2>\n\t\t<\/div>\n\t\n\t\n\t<\/div>\n\n\n\n<div class=\"wp-block-group is-layout-constrained wp-container-core-group-is-layout-bbfc3662 wp-block-group-is-layout-constrained\">\n<p class=\"core-block core-paragraph\">Ci-dessous, vous trouverez des feuilles de route en PDF pour vous accompagner tout au long de votre parcours. Cliquez sur la vignette pour ouvrir un seul PDF, ou cochez la case pour t\u00e9l\u00e9charger plusieurs PDF en m\u00eame temps. <br><\/p>\n<\/div>\n\n\n<div id=im-top class=\"facet-block\">\n\t<div class=\"container\">\n\t\t<form action=\"\" method=\"post\" class=\"facet-block__form form\" id=\"facet_form\">\n\n\t\t\t<div class=\"facet-block__filters\">\n\t\t\t\t\t\t\t\t\t<div class=\"facet-block__categories\">\n\t\t\t\t\t\t<button type=\"button\" data-bs-toggle=\"collapse\" data-bs-target=\"#collapse-69ec5c9451fd9\" class=\"btn--dropdown facet-block__toggle\" aria-expanded=\"false\" aria-controls=\"collapse-69ec5c9451fd9\">\n\t\t\t\t\t\t\tToutes les cat\u00e9gories\t\t\t\t\t\t<\/button>\n\t\t\t\t\t\t<div id=\"collapse-69ec5c9451fd9\" class=\"facetwp-facet facetwp-facet-insightful-moment-category facetwp-type-radio collapse\" data-name=\"insightful-moment-category\" data-type=\"radio\"><\/div>\t\t\t\t\t<\/div>\n\t\t\t\t\n\t\t\t\t<div class=\"facet-block__info\">\n\t\t\t\t\t<h3 data-ptc-spy=\"facetwp\" hidden data-ptc-target=\"insightful-moment-category\" data-ptc-path=\"ptc.facetSpy.{{name}}.{{value}}.name\" id=\"im-category-name\" class=\"heading--4\">\n\t\t\t\t\t\tAll Educational Series Materials\t\t\t\t\t<\/h3>\n\t\t\t\t\t<div data-ptc-spy=\"facetwp\" hidden data-ptc-target=\"insightful-moment-category\" data-ptc-path=\"ptc.facetSpy.{{name}}.{{value}}.description\" class=\"facet-block__category\"><\/div>\n\t\t\t\t<\/div>\n\n\t\t\t\t<div class=\"facet-block__secondary\">\n\t\t\t\t\t<div class=\"facet-block__download\">\n\t\t\t\t\t\t<div class=\"facet-block__select-all\">\n\t\t\t\t\t\t\t<input type=\"checkbox\" name=\"select-all\" id=\"select_all\">\n\t\t\t\t\t\t\t<label for=\"select_all\">\n\t\t\t\t\t\t\tTout s\u00e9lectionner\t\t\t\t\t\t\t<\/label>\n\t\t\t\t\t\t<\/div>\n\t\t\t\t\t\t<button type=\"submit\" id=\"facet_form_submit\" name=\"create-zip\" value=\"Download\" class=\"btn--download\">\n\t\t\t\t\t\t\tT\u00e9l\u00e9charger\t\t\t\t\t\t<\/button>\n\t\t\t\t\t<\/div>\n\t\t\t\t\t<div class=\"facetwp-facet facetwp-facet-media-type facetwp-type-dropdown\" data-name=\"media-type\" data-type=\"dropdown\"><\/div><div class=\"facetwp-facet facetwp-facet-language facetwp-type-dropdown\" data-name=\"language\" data-type=\"dropdown\"><\/div><button type=\"button\" class=\"facetwp-reset\">Clear all filters<\/button>\t\t\t\t<\/div>\n\t\t\t<\/div>\n\n\t\t\t<ol class=\"facetwp-template facet-block__grid\">\n\t\t\t\t<li class=\"post post-card\">\n\n\t<div class=\"post-card__topline\">\n\t\t<div class=\"post-card__toggle\">\n\t\t\t\t\t\t\t<label for=\"post-card-id-17783\" class=\"sr-only\">Select this post<\/label>\n\t\t\t\t<input id=\"post-card-id-17783\" type=\"checkbox\" name=\"download\" class=\"checkbox\" name='files[]' value=\"https:\/\/www.ptcbio.ca\/fr\/wp-content\/uploads\/sites\/28\/2026\/02\/Discovering-Wellness_Coping-and-Accepting-the-Rare-Disease-Diagnostic-Journey_FR_June-2025.pdf\">\n\t\t\t\t\t<\/div>\n\t\t<i class=\"icon icon-file-text-o\"><\/i>\n\t<\/div>\n\n\t<div class=\"post-card__content\">\n\t\t\t\t\t<a href=\"https:\/\/www.ptcbio.ca\/fr\/wp-content\/uploads\/sites\/28\/2026\/02\/Discovering-Wellness_Coping-and-Accepting-the-Rare-Disease-Diagnostic-Journey_FR_June-2025.pdf\" class=\"post-card__pdf-link\" target=\"_blank\">\n\t\t\t\t\t<div class=\"post-card__thumbnail\">\n\t\t\t\t\t\t\t\t<img decoding=\"async\" src=\"https:\/\/www.ptcbio.ca\/fr\/wp-content\/uploads\/sites\/28\/2026\/02\/CA-Discovering-Wellness-Coping-and-Accepting-the-Rare-Disease-Diagnostic-Journey-529x407.png\" alt=\"Discovering Wellness Coping and Accepting the Rare Disease Diagnostic Journey\">\n\t\t\t<\/div>\n\t\t<\/a>\n\t\t<div class=\"post-card__info\">\n\t\t\t<div class=\"post-card__title\">\n\t\t\t\tD\u00e9couvrir le bien-\u00eatre \u2013 Faire face au diagnostic d\u2019une maladie rare et l\u2019accepter\t\t\t<\/div>\n\t\t\t\t\t<\/div>\n\t<\/div>\n\n\t<\/li>\n<li class=\"post post-card\">\n\n\t<div class=\"post-card__topline\">\n\t\t<div class=\"post-card__toggle\">\n\t\t\t\t\t\t\t<label for=\"post-card-id-17784\" class=\"sr-only\">Select this post<\/label>\n\t\t\t\t<input id=\"post-card-id-17784\" type=\"checkbox\" name=\"download\" class=\"checkbox\" name='files[]' value=\"https:\/\/www.ptcbio.ca\/fr\/wp-content\/uploads\/sites\/28\/2026\/02\/Discovering-Wellness_Navigating-Life-with-a-Rare-Disease_FR_June-2025.pdf\">\n\t\t\t\t\t<\/div>\n\t\t<i class=\"icon icon-file-text-o\"><\/i>\n\t<\/div>\n\n\t<div class=\"post-card__content\">\n\t\t\t\t\t<a href=\"https:\/\/www.ptcbio.ca\/fr\/wp-content\/uploads\/sites\/28\/2026\/02\/Discovering-Wellness_Navigating-Life-with-a-Rare-Disease_FR_June-2025.pdf\" class=\"post-card__pdf-link\" target=\"_blank\">\n\t\t\t\t\t<div class=\"post-card__thumbnail\">\n\t\t\t\t\t\t\t\t<img decoding=\"async\" src=\"https:\/\/www.ptcbio.ca\/fr\/wp-content\/uploads\/sites\/28\/2026\/02\/CA-Discovering-Wellness-Navigating-Life-with-a-Rare-Disease-529x407.png\" alt=\"Discovering Wellness Navigating Life with a Rare Disease\">\n\t\t\t<\/div>\n\t\t<\/a>\n\t\t<div class=\"post-card__info\">\n\t\t\t<div class=\"post-card__title\">\n\t\t\t\tD\u00e9couvrir le bien-\u00eatre \u2013 Vivre avec une maladie rare\t\t\t<\/div>\n\t\t\t\t\t<\/div>\n\t<\/div>\n\n\t<\/li>\n<li class=\"post post-card\">\n\n\t<div class=\"post-card__topline\">\n\t\t<div class=\"post-card__toggle\">\n\t\t\t\t\t\t\t<label for=\"post-card-id-17785\" class=\"sr-only\">Select this post<\/label>\n\t\t\t\t<input id=\"post-card-id-17785\" type=\"checkbox\" name=\"download\" class=\"checkbox\" name='files[]' value=\"https:\/\/www.ptcbio.ca\/fr\/wp-content\/uploads\/sites\/28\/2026\/02\/Holistic-Inspirations_Personal-Space_FR_June-2025.pdf\">\n\t\t\t\t\t<\/div>\n\t\t<i class=\"icon icon-file-text-o\"><\/i>\n\t<\/div>\n\n\t<div class=\"post-card__content\">\n\t\t\t\t\t<a href=\"https:\/\/www.ptcbio.ca\/fr\/wp-content\/uploads\/sites\/28\/2026\/02\/Holistic-Inspirations_Personal-Space_FR_June-2025.pdf\" class=\"post-card__pdf-link\" target=\"_blank\">\n\t\t\t\t\t<div class=\"post-card__thumbnail\">\n\t\t\t\t\t\t\t\t<img decoding=\"async\" src=\"https:\/\/www.ptcbio.ca\/fr\/wp-content\/uploads\/sites\/28\/2026\/02\/CA-Holistic-Inspirations-Personal-space-529x407.png\" alt=\"Holistic Inspirations Personal Space\">\n\t\t\t<\/div>\n\t\t<\/a>\n\t\t<div class=\"post-card__info\">\n\t\t\t<div class=\"post-card__title\">\n\t\t\t\tInspirations holistiques \u2013 Espace personnel\t\t\t<\/div>\n\t\t\t\t\t<\/div>\n\t<\/div>\n\n\t<\/li>\n<li class=\"post post-card\">\n\n\t<div class=\"post-card__topline\">\n\t\t<div class=\"post-card__toggle\">\n\t\t\t\t\t\t\t<label for=\"post-card-id-17786\" class=\"sr-only\">Select this post<\/label>\n\t\t\t\t<input id=\"post-card-id-17786\" type=\"checkbox\" name=\"download\" class=\"checkbox\" name='files[]' value=\"https:\/\/www.ptcbio.ca\/fr\/wp-content\/uploads\/sites\/28\/2026\/02\/Holistic-Inspirations_Personal-Preference_FR_June-2025.pdf\">\n\t\t\t\t\t<\/div>\n\t\t<i class=\"icon icon-file-text-o\"><\/i>\n\t<\/div>\n\n\t<div class=\"post-card__content\">\n\t\t\t\t\t<a href=\"https:\/\/www.ptcbio.ca\/fr\/wp-content\/uploads\/sites\/28\/2026\/02\/Holistic-Inspirations_Personal-Preference_FR_June-2025.pdf\" class=\"post-card__pdf-link\" target=\"_blank\">\n\t\t\t\t\t<div class=\"post-card__thumbnail\">\n\t\t\t\t\t\t\t\t<img decoding=\"async\" src=\"https:\/\/www.ptcbio.ca\/fr\/wp-content\/uploads\/sites\/28\/2026\/02\/CA-Holistic-Inspirations-Personal-preference-529x407.png\" alt=\"Holistic Inspirations Personal Preference\">\n\t\t\t<\/div>\n\t\t<\/a>\n\t\t<div class=\"post-card__info\">\n\t\t\t<div class=\"post-card__title\">\n\t\t\t\tInspirations holistiques \u2013 Pr\u00e9f\u00e9rences personnelles\t\t\t<\/div>\n\t\t\t\t\t<\/div>\n\t<\/div>\n\n\t<\/li>\n<li class=\"post post-card\">\n\n\t<div class=\"post-card__topline\">\n\t\t<div class=\"post-card__toggle\">\n\t\t\t\t\t\t\t<label for=\"post-card-id-17787\" class=\"sr-only\">Select this post<\/label>\n\t\t\t\t<input id=\"post-card-id-17787\" type=\"checkbox\" name=\"download\" class=\"checkbox\" name='files[]' value=\"https:\/\/www.ptcbio.ca\/fr\/wp-content\/uploads\/sites\/28\/2026\/02\/Holistic-Inspirations_Personal-Connection_FR_June-2025.pdf\">\n\t\t\t\t\t<\/div>\n\t\t<i class=\"icon icon-file-text-o\"><\/i>\n\t<\/div>\n\n\t<div class=\"post-card__content\">\n\t\t\t\t\t<a href=\"https:\/\/www.ptcbio.ca\/fr\/wp-content\/uploads\/sites\/28\/2026\/02\/Holistic-Inspirations_Personal-Connection_FR_June-2025.pdf\" class=\"post-card__pdf-link\" target=\"_blank\">\n\t\t\t\t\t<div class=\"post-card__thumbnail\">\n\t\t\t\t\t\t\t\t<img decoding=\"async\" src=\"https:\/\/www.ptcbio.ca\/fr\/wp-content\/uploads\/sites\/28\/2026\/02\/CA-Holistic-Inspirations-Personal-connection-529x407.png\" alt=\"Holistic Inspirations Personal Connection\">\n\t\t\t<\/div>\n\t\t<\/a>\n\t\t<div class=\"post-card__info\">\n\t\t\t<div class=\"post-card__title\">\n\t\t\t\tInspirations holistiques \u2013 Liens personnels\t\t\t<\/div>\n\t\t\t\t\t<\/div>\n\t<\/div>\n\n\t<\/li>\n\t\t\t<\/ol>\n\t\t<\/form>\n\t<\/div>\n\n\t<div class=\"modal modal-xl\" tabindex=\"-1\" id=\"facet-block-modal\" aria-label=\"Video\" aria-hidden=\"true\">\n\t\t<button type=\"button\" class=\"btn-close\" aria-label=\"Close\" data-bs-dismiss=\"modal\"><\/button>\n\t\t<div class=\"modal-dialog modal-dialog-centered\">\n\t\t\t<div class=\"modal-content\">\n\t\t\t\t<div class=\"modal-body\">\n\t\t\t\t\t<div class=\"embed-responsive embed-responsive-16by9\">\n\t\t\t\t\t\t<iframe loading=\"lazy\" width=\"100%\" height=\"315\" src=\"\" id=\"facet-block-video\" title=\"Video player\" frameborder=\"0\" allow=\"accelerometer; autoplay; clipboard-write; encrypted-media; gyroscope; picture-in-picture\" allow=\"encrypted-media\" allowfullscreen><\/iframe>\n\t\t\t\t\t<\/div>\n\t\t\t\t<\/div>\n\t\t\t<\/div>\n\t\t<\/div>\n\t<\/div>\n\n<\/div>\n\n<a id=\"im_back_top\" class=\"insightful-moments-back-top\" href=\"#im-top\">\n\tBack to Top\t<i class=\"icon icon-arrow-up\"><\/i>\n<\/a>\n","protected":false},"excerpt":{"rendered":"<p>Ci-dessous, vous trouverez des feuilles de route en PDF pour vous accompagner tout au long de votre parcours. Cliquez sur la vignette pour ouvrir un seul PDF, ou cochez la case pour t\u00e9l\u00e9charger plusieurs PDF en m\u00eame temps.<\/p>\n","protected":false},"author":14,"featured_media":0,"parent":0,"menu_order":0,"comment_status":"closed","ping_status":"closed","template":"","meta":{"_acf_changed":false,"footnotes":""},"class_list":["post-27","page","type-page","status-publish","hentry"],"acf":[],"yoast_head":"<!-- This site is optimized with the Yoast SEO Premium plugin v27.2 (Yoast SEO v27.2) - https:\/\/yoast.com\/product\/yoast-seo-premium-wordpress\/ -->\n<title>Insightful Moments - PTC Therapeutics (Canada-French)<\/title>\n<meta name=\"robots\" content=\"index, follow, max-snippet:-1, max-image-preview:large, max-video-preview:-1\" \/>\n<link rel=\"canonical\" href=\"https:\/\/www.ptcbio.ca\/fr\/insightful-moments\/\" \/>\n<meta property=\"og:locale\" content=\"fr_CA\" \/>\n<meta property=\"og:type\" content=\"article\" \/>\n<meta property=\"og:title\" content=\"Insightful Moments\" \/>\n<meta property=\"og:description\" content=\"Ci-dessous, vous trouverez des feuilles de route en PDF pour vous accompagner tout au long de votre parcours. Cliquez sur la vignette pour ouvrir un seul PDF, ou cochez la case pour t\u00e9l\u00e9charger plusieurs PDF en m\u00eame temps.\" \/>\n<meta property=\"og:url\" content=\"https:\/\/www.ptcbio.ca\/fr\/insightful-moments\/\" \/>\n<meta property=\"og:site_name\" content=\"PTC Therapeutics (Canada-French)\" \/>\n<meta property=\"article:modified_time\" content=\"2026-02-18T16:54:38+00:00\" \/>\n<meta name=\"twitter:card\" content=\"summary_large_image\" \/>\n<meta name=\"twitter:label1\" content=\"Estimation du temps de lecture\" \/>\n\t<meta name=\"twitter:data1\" content=\"1 minute\" \/>\n<script type=\"application\/ld+json\" class=\"yoast-schema-graph\">{\"@context\":\"https:\/\/schema.org\",\"@graph\":[{\"@type\":\"WebPage\",\"@id\":\"https:\/\/www.ptcbio.ca\/fr\/insightful-moments\/\",\"url\":\"https:\/\/www.ptcbio.ca\/fr\/insightful-moments\/\",\"name\":\"Insightful Moments - PTC Therapeutics (Canada-French)\",\"isPartOf\":{\"@id\":\"https:\/\/www.ptcbio.ca\/fr\/#website\"},\"datePublished\":\"2025-12-04T20:03:12+00:00\",\"dateModified\":\"2026-02-18T16:54:38+00:00\",\"breadcrumb\":{\"@id\":\"https:\/\/www.ptcbio.ca\/fr\/insightful-moments\/#breadcrumb\"},\"inLanguage\":\"fr-CA\",\"potentialAction\":[{\"@type\":\"ReadAction\",\"target\":[\"https:\/\/www.ptcbio.ca\/fr\/insightful-moments\/\"]}]},{\"@type\":\"BreadcrumbList\",\"@id\":\"https:\/\/www.ptcbio.ca\/fr\/insightful-moments\/#breadcrumb\",\"itemListElement\":[{\"@type\":\"ListItem\",\"position\":1,\"name\":\"Home\",\"item\":\"https:\/\/www.ptcbio.ca\/fr\/\"},{\"@type\":\"ListItem\",\"position\":2,\"name\":\"Insightful Moments\"}]},{\"@type\":\"WebSite\",\"@id\":\"https:\/\/www.ptcbio.ca\/fr\/#website\",\"url\":\"https:\/\/www.ptcbio.ca\/fr\/\",\"name\":\"PTC Therapeutics (Canada-French)\",\"description\":\"\",\"publisher\":{\"@id\":\"https:\/\/www.ptcbio.ca\/fr\/#organization\"},\"potentialAction\":[{\"@type\":\"SearchAction\",\"target\":{\"@type\":\"EntryPoint\",\"urlTemplate\":\"https:\/\/www.ptcbio.ca\/fr\/?s={search_term_string}\"},\"query-input\":{\"@type\":\"PropertyValueSpecification\",\"valueRequired\":true,\"valueName\":\"search_term_string\"}}],\"inLanguage\":\"fr-CA\"},{\"@type\":\"Organization\",\"@id\":\"https:\/\/www.ptcbio.ca\/fr\/#organization\",\"name\":\"PTC Therapeutics (Canada-French)\",\"url\":\"https:\/\/www.ptcbio.ca\/fr\/\",\"logo\":{\"@type\":\"ImageObject\",\"inLanguage\":\"fr-CA\",\"@id\":\"https:\/\/www.ptcbio.ca\/fr\/#\/schema\/logo\/image\/\",\"url\":\"https:\/\/www.ptcbio.ca\/fr\/wp-content\/uploads\/sites\/28\/2026\/04\/ptcLogo.png\",\"contentUrl\":\"https:\/\/www.ptcbio.ca\/fr\/wp-content\/uploads\/sites\/28\/2026\/04\/ptcLogo.png\",\"width\":542,\"height\":542,\"caption\":\"PTC Therapeutics (Canada-French)\"},\"image\":{\"@id\":\"https:\/\/www.ptcbio.ca\/fr\/#\/schema\/logo\/image\/\"}}]}<\/script>\n<!-- \/ Yoast SEO Premium plugin. -->","yoast_head_json":{"title":"Insightful Moments - PTC Therapeutics (Canada-French)","robots":{"index":"index","follow":"follow","max-snippet":"max-snippet:-1","max-image-preview":"max-image-preview:large","max-video-preview":"max-video-preview:-1"},"canonical":"https:\/\/www.ptcbio.ca\/fr\/insightful-moments\/","og_locale":"fr_CA","og_type":"article","og_title":"Insightful Moments","og_description":"Ci-dessous, vous trouverez des feuilles de route en PDF pour vous accompagner tout au long de votre parcours. Cliquez sur la vignette pour ouvrir un seul PDF, ou cochez la case pour t\u00e9l\u00e9charger plusieurs PDF en m\u00eame temps.","og_url":"https:\/\/www.ptcbio.ca\/fr\/insightful-moments\/","og_site_name":"PTC Therapeutics (Canada-French)","article_modified_time":"2026-02-18T16:54:38+00:00","twitter_card":"summary_large_image","twitter_misc":{"Estimation du temps de lecture":"1 minute"},"schema":{"@context":"https:\/\/schema.org","@graph":[{"@type":"WebPage","@id":"https:\/\/www.ptcbio.ca\/fr\/insightful-moments\/","url":"https:\/\/www.ptcbio.ca\/fr\/insightful-moments\/","name":"Insightful Moments - PTC Therapeutics (Canada-French)","isPartOf":{"@id":"https:\/\/www.ptcbio.ca\/fr\/#website"},"datePublished":"2025-12-04T20:03:12+00:00","dateModified":"2026-02-18T16:54:38+00:00","breadcrumb":{"@id":"https:\/\/www.ptcbio.ca\/fr\/insightful-moments\/#breadcrumb"},"inLanguage":"fr-CA","potentialAction":[{"@type":"ReadAction","target":["https:\/\/www.ptcbio.ca\/fr\/insightful-moments\/"]}]},{"@type":"BreadcrumbList","@id":"https:\/\/www.ptcbio.ca\/fr\/insightful-moments\/#breadcrumb","itemListElement":[{"@type":"ListItem","position":1,"name":"Home","item":"https:\/\/www.ptcbio.ca\/fr\/"},{"@type":"ListItem","position":2,"name":"Insightful Moments"}]},{"@type":"WebSite","@id":"https:\/\/www.ptcbio.ca\/fr\/#website","url":"https:\/\/www.ptcbio.ca\/fr\/","name":"PTC Therapeutics (Canada-French)","description":"","publisher":{"@id":"https:\/\/www.ptcbio.ca\/fr\/#organization"},"potentialAction":[{"@type":"SearchAction","target":{"@type":"EntryPoint","urlTemplate":"https:\/\/www.ptcbio.ca\/fr\/?s={search_term_string}"},"query-input":{"@type":"PropertyValueSpecification","valueRequired":true,"valueName":"search_term_string"}}],"inLanguage":"fr-CA"},{"@type":"Organization","@id":"https:\/\/www.ptcbio.ca\/fr\/#organization","name":"PTC Therapeutics (Canada-French)","url":"https:\/\/www.ptcbio.ca\/fr\/","logo":{"@type":"ImageObject","inLanguage":"fr-CA","@id":"https:\/\/www.ptcbio.ca\/fr\/#\/schema\/logo\/image\/","url":"https:\/\/www.ptcbio.ca\/fr\/wp-content\/uploads\/sites\/28\/2026\/04\/ptcLogo.png","contentUrl":"https:\/\/www.ptcbio.ca\/fr\/wp-content\/uploads\/sites\/28\/2026\/04\/ptcLogo.png","width":542,"height":542,"caption":"PTC Therapeutics (Canada-French)"},"image":{"@id":"https:\/\/www.ptcbio.ca\/fr\/#\/schema\/logo\/image\/"}}]}},"_links":{"self":[{"href":"https:\/\/www.ptcbio.ca\/fr\/wp-json\/wp\/v2\/pages\/27","targetHints":{"allow":["GET"]}}],"collection":[{"href":"https:\/\/www.ptcbio.ca\/fr\/wp-json\/wp\/v2\/pages"}],"about":[{"href":"https:\/\/www.ptcbio.ca\/fr\/wp-json\/wp\/v2\/types\/page"}],"author":[{"embeddable":true,"href":"https:\/\/www.ptcbio.ca\/fr\/wp-json\/wp\/v2\/users\/14"}],"replies":[{"embeddable":true,"href":"https:\/\/www.ptcbio.ca\/fr\/wp-json\/wp\/v2\/comments?post=27"}],"version-history":[{"count":8,"href":"https:\/\/www.ptcbio.ca\/fr\/wp-json\/wp\/v2\/pages\/27\/revisions"}],"predecessor-version":[{"id":17805,"href":"https:\/\/www.ptcbio.ca\/fr\/wp-json\/wp\/v2\/pages\/27\/revisions\/17805"}],"wp:attachment":[{"href":"https:\/\/www.ptcbio.ca\/fr\/wp-json\/wp\/v2\/media?parent=27"}],"curies":[{"name":"wp","href":"https:\/\/api.w.org\/{rel}","templated":true}]}}