{"id":17702,"date":"2026-01-09T21:03:08","date_gmt":"2026-01-09T21:03:08","guid":{"rendered":"https:\/\/www.ptcbio.ca\/fr\/?page_id=17702"},"modified":"2026-03-16T09:02:48","modified_gmt":"2026-03-16T14:02:48","slug":"programme-de-soutien-aux-patients","status":"publish","type":"page","link":"https:\/\/www.ptcbio.ca\/fr\/programme-de-soutien-aux-patients\/","title":{"rendered":"Programme de soutien aux patients"},"content":{"rendered":"<div class=\"hero-header__outer-container\">\n\n\t<div class=\"hero hero--styled color-theme--denim-blue hero--no-image hero--normal-spacing\">\n\t\t\t\t\t\t\t\t\t\t<div class=\"hero__inner hero__inner--center\">\n\t\t\t<div class=\"hero__content hero__content--center hero__content--no-image\">\n\t\t\t\t\t\t\t\t\t\t\t\t\t\t\t\t<div class=\"u-mt-1 u-my-2\"><h1 class=\"hero__title hero__title--standard\" data-ptc-fitty=\"\">Programme de soutien aux patients<\/h1><\/div>\n\t\t\t\t\t\t\t\t\t\t\t\t\t\t\t<\/div>\n\t\t\t\t\t<\/div>\n\t\t\t<\/div>\n\t\t\t<div class=\"hero__breadcrumbs\"><nav\n\tclass=\"breadcrumbs breadcrumbs--shallow\"\n\taria-label=\"Breadcrumb\"\n>\n\t<ol class=\"breadcrumbs__list\" itemscope itemtype=\"https:\/\/schema.org\/BreadcrumbList\">\n\t\t\t\t\t\t\t\t\t<li class=\"breadcrumbs__crumb breadcrumbs__crumb--light\" itemscope itemprop=\"itemListElement\" itemtype=\"https:\/\/schema.org\/ListItem\">\n\t\t\t\t\t\t\t\t\t\t\t<a class=\"breadcrumbs__link breadcrumbs__link--home breadcrumbs__link--light\" itemprop=\"item\" href=\"https:\/\/www.ptcbio.ca\/fr\/\">\n\t\t\t\t\t\t\t<span class=\"sr-only\" itemprop=\"name\">Page D&rsquo;accueil<\/span>\n\t\t\t\t\t\t<\/a>\n\t\t\t\t\t\t\t\t\t\t<meta itemprop=\"position\" content=\"1\" \/>\n\t\t\t\t<\/li>\n\t\t\t\t\t\t\t\t\t\t\t\t<li class=\"breadcrumbs__crumb breadcrumbs__crumb--light\" itemscope itemprop=\"itemListElement\" itemtype=\"https:\/\/schema.org\/ListItem\">\n\t\t\t\t\t\t\t\t\t\t\t\t\t\t\t\t\t\t<span\n\t\t\t\t\t\t\t\tclass=\"breadcrumbs__current\" itemprop=\"item\"\n\t\t\t\t\t\t\t\taria-current=\"page\"\t\t\t\t\t\t\t>\n\t\t\t\t\t\t\t\t<span itemprop=\"name\">Programme de soutien aux patients<\/span>\n\t\t\t\t\t\t\t<\/span>\n\t\t\t\t\t\t\t\t\t\t\t\t\t\t\t\t<meta itemprop=\"position\" content=\"2\" \/>\n\t\t\t\t<\/li>\n\t\t\t\t\t\t<\/ol>\n<\/nav>\n<\/div>\n\t<\/div>\n\n\n\n<div style=\"--mg-spacer-desktop: 32px; --mg-spacer-mobile: 16px; height: var(--mg-spacer-desktop);\" aria-hidden=\"true\" class=\"mg-spacer--responsive wp-block-spacer\"><\/div>\n\n\n\n<figure class=\"wp-block-image aligncenter size-full is-resized\"><img loading=\"lazy\" decoding=\"async\" width=\"1024\" height=\"512\" src=\"https:\/\/www.ptcbio.ca\/fr\/wp-content\/uploads\/sites\/28\/2026\/02\/ptcCaresLogo-1024x512-1.gif\" alt=\"PTC Cares Logo\" class=\"wp-image-17765\" style=\"width:424px;height:auto\"\/><\/figure>\n\n\n\n<div style=\"--mg-spacer-desktop: 32px; --mg-spacer-mobile: 16px; height: var(--mg-spacer-desktop);\" aria-hidden=\"true\" class=\"mg-spacer--responsive wp-block-spacer\"><\/div>\n\n\n\n<p class=\"has-text-align-center core-block core-paragraph\"><strong>Le programme se soutien pour patients<\/strong>, PTC <em>Cares<\/em> est pr\u00e9sent tout au long de votre parcours de traitement avec SEPHIENCE &#8211; en offrant un soutien personnalis\u00e9 reposant sur quatre piliers cl\u00e9s.<\/p>\n\n\n\n<p class=\"core-block core-paragraph\"><\/p>\n\n\n\n<style>\n  #psp-icons {\n    display: flex; justify-content: space-between; width: 60%; margin: 3em auto;\n  }\n  #psp-icons > div {\n    text-align: center;\n  }\n  #psp-icons p {\n    font-weight: bold;\n  }\n  #psp-icons img {\n    flex: 0;\n    width: 50px;\n    aspect-ratio: 1\/1;\n    margin: 1rem auto;\n  }\n  @media (max-width: 900px) {\n    #psp-icons {\n      flex-direction: column;\n    }\n    #psp-icons > div {\n      margin: 1em auto;\n    }\n  }\n<\/style>\n<div id=\"psp-icons\">\n  <div>\n    <img decoding=\"async\" src=\"https:\/\/www.ptcbio.ca\/fr\/wp-content\/uploads\/sites\/28\/2026\/02\/reimbursement-assistance-icon.png\" alt=\"Aide \u00e0 la recherche de remboursement\" \/>\n    <p>Aide \u00e0 la recherche<br>de remboursement<\/p>\n  <\/div>\n  <div>\n    <img decoding=\"async\" src=\"https:\/\/www.ptcbio.ca\/fr\/wp-content\/uploads\/sites\/28\/2026\/02\/educational-support-icon.png\" alt=\"Soutien en \u00e9ducation\" \/>\n    <p>Soutien en<br>\u00e9ducation<\/p>\n  <\/div>\n  <div>\n    <img decoding=\"async\" src=\"https:\/\/www.ptcbio.ca\/fr\/wp-content\/uploads\/sites\/28\/2026\/02\/pharmacy-services-icon.png\" alt=\"Services pharmaceutiques\" \/>\n    <p>Services<br>pharmaceutiques<\/p>\n  <\/div>\n  <div>\n    <img decoding=\"async\" src=\"https:\/\/www.ptcbio.ca\/fr\/wp-content\/uploads\/sites\/28\/2026\/02\/nursing-services-icon.png\" alt=\"Services infirmiers\" \/>\n    <p>Services<br>infirmiers<\/p>\n  <\/div>\n<\/div>\n\n\n\n<div style=\"--mg-spacer-desktop: 24px; --mg-spacer-mobile: 12px; height: var(--mg-spacer-desktop);\" aria-hidden=\"true\" class=\"mg-spacer--responsive wp-block-spacer\"><\/div>\n\n\n\n<p class=\"has-text-align-left core-block core-paragraph\" style=\"margin-top:0;margin-bottom:0\">Si vous souhaitez en savoir plus sur les services offerts par PTC <em>Cares<\/em>, communiquez avec nous:<\/p>\n\n\n\n<div style=\"--mg-spacer-desktop: 20px; --mg-spacer-mobile: 10px; height: var(--mg-spacer-desktop);\" aria-hidden=\"true\" class=\"mg-spacer--responsive wp-block-spacer\"><\/div>\n\n\n\n<style>\n  .contact-methods {\n    display: flex;\n    flex-direction: column;\n    width: 100%;\n    \/* margin-inline: auto; *\/\n  }\n  .contact-method {\n    display: flex;\n    flex-direction: row;\n  }\n  .contact-method__img {\n    width: 20%;\n  }\n  .contact-method__img img {\n    width: 50px;\n    margin: 1rem auto;\n  }\n  .contact-method__desc {\n    width: 80%;\n    margin-block: auto;\n  }\n<\/style>\n<div class=\"contact-methods\">\n  <div class=\"contact-method\">\n    <div class=\"contact-method__img\">\n      <img decoding=\"async\" src=\"https:\/\/www.ptcbio.ca\/fr\/wp-content\/uploads\/sites\/28\/2026\/02\/Icon_Call.svg\" alt=\"Phone Icon\">\n    <\/div>\n    <div class=\"contact-method__desc\">\n      <strong>Appelez<\/strong> PTC Cares au <a href=\"tel:1-877-822-2731\">1-877-822-2731<\/a><br>  \n      Monday to Friday, 9 am to 5 pm (ET)  \n    <\/div>\n  <\/div>\n    <div class=\"contact-method\">\n    <div class=\"contact-method__img\">\n      <img decoding=\"async\" src=\"https:\/\/www.ptcbio.ca\/fr\/wp-content\/uploads\/sites\/28\/2026\/02\/Icon_Fax.svg\" alt=\"Fax Icon\">\n    <\/div>\n    <div class=\"contact-method__desc\">\n      <strong>Fax<\/strong> PTC Cares au <a href=\"tel:1-833-664-9111\">1-833-664-9111<\/a>\n    <\/div>\n  <\/div>\n  <div class=\"contact-method\">\n    <div class=\"contact-method__img\">\n      <img decoding=\"async\" src=\"https:\/\/www.ptcbio.ca\/fr\/wp-content\/uploads\/sites\/28\/2026\/02\/Icon_Email.svg\" alt=\"Email Icon\">\n    <\/div>\n    <div class=\"contact-method__desc\">\n      <strong>Envoyez<\/strong> un courriel \u00e0 <a href=\"mailto:ptccares@innomar-strategies.com\">ptccares@innomar-strategies.com<\/a>\n    <\/div>\n  <\/div>\n<\/div>\n\n\n\n<div style=\"--mg-spacer-desktop: 42px; --mg-spacer-mobile: 21px; height: var(--mg-spacer-desktop);\" aria-hidden=\"true\" class=\"mg-spacer--responsive wp-block-spacer\"><\/div>\n\n\n\n<p class=\"core-block core-paragraph\"><\/p>\n","protected":false},"excerpt":{"rendered":"<p>Le programme se soutien pour patients, PTC Cares est pr\u00e9sent tout au long de votre parcours de traitement avec SEPHIENCE &#8211; en offrant un soutien personnalis\u00e9 reposant sur quatre piliers cl\u00e9s. Aide \u00e0 la recherchede remboursement Soutien en\u00e9ducation Servicespharmaceutiques Servicesinfirmiers Si vous souhaitez en savoir plus sur les services offerts par PTC Cares, communiquez avec&hellip;<\/p>\n","protected":false},"author":14,"featured_media":0,"parent":0,"menu_order":0,"comment_status":"closed","ping_status":"closed","template":"","meta":{"_acf_changed":false,"footnotes":""},"class_list":["post-17702","page","type-page","status-publish","hentry"],"acf":[],"yoast_head":"<!-- This site is optimized with the Yoast SEO Premium plugin v27.2 (Yoast SEO v27.2) - https:\/\/yoast.com\/product\/yoast-seo-premium-wordpress\/ -->\n<title>Programme de soutien aux patients - PTC Therapeutics (Canada-French)<\/title>\n<meta name=\"robots\" content=\"index, follow, max-snippet:-1, max-image-preview:large, max-video-preview:-1\" \/>\n<link rel=\"canonical\" href=\"https:\/\/www.ptcbio.ca\/fr\/programme-de-soutien-aux-patients\/\" \/>\n<meta property=\"og:locale\" content=\"fr_CA\" \/>\n<meta property=\"og:type\" content=\"article\" \/>\n<meta property=\"og:title\" content=\"Programme de soutien aux patients\" \/>\n<meta property=\"og:description\" content=\"Le programme se soutien pour patients, PTC Cares est pr\u00e9sent tout au long de votre parcours de traitement avec SEPHIENCE &#8211; en offrant un soutien personnalis\u00e9 reposant sur quatre piliers cl\u00e9s. Aide \u00e0 la recherchede remboursement Soutien en\u00e9ducation Servicespharmaceutiques Servicesinfirmiers Si vous souhaitez en savoir plus sur les services offerts par PTC Cares, communiquez avec&hellip;\" \/>\n<meta property=\"og:url\" content=\"https:\/\/www.ptcbio.ca\/fr\/programme-de-soutien-aux-patients\/\" \/>\n<meta property=\"og:site_name\" content=\"PTC Therapeutics (Canada-French)\" \/>\n<meta property=\"article:modified_time\" content=\"2026-03-16T14:02:48+00:00\" \/>\n<meta property=\"og:image\" content=\"https:\/\/www.ptcbio.ca\/fr\/wp-content\/uploads\/sites\/28\/2026\/02\/ptcCaresLogo-1024x512-1.gif\" \/>\n\t<meta property=\"og:image:width\" content=\"1024\" \/>\n\t<meta property=\"og:image:height\" content=\"512\" \/>\n\t<meta property=\"og:image:type\" content=\"image\/gif\" \/>\n<meta name=\"twitter:card\" content=\"summary_large_image\" \/>\n<meta name=\"twitter:label1\" content=\"Estimation du temps de lecture\" \/>\n\t<meta name=\"twitter:data1\" content=\"3 minutes\" \/>\n<script type=\"application\/ld+json\" class=\"yoast-schema-graph\">{\"@context\":\"https:\/\/schema.org\",\"@graph\":[{\"@type\":\"WebPage\",\"@id\":\"https:\/\/www.ptcbio.ca\/fr\/programme-de-soutien-aux-patients\/\",\"url\":\"https:\/\/www.ptcbio.ca\/fr\/programme-de-soutien-aux-patients\/\",\"name\":\"Programme de soutien aux patients - PTC Therapeutics (Canada-French)\",\"isPartOf\":{\"@id\":\"https:\/\/www.ptcbio.ca\/fr\/#website\"},\"primaryImageOfPage\":{\"@id\":\"https:\/\/www.ptcbio.ca\/fr\/programme-de-soutien-aux-patients\/#primaryimage\"},\"image\":{\"@id\":\"https:\/\/www.ptcbio.ca\/fr\/programme-de-soutien-aux-patients\/#primaryimage\"},\"thumbnailUrl\":\"https:\/\/www.ptcbio.ca\/fr\/wp-content\/uploads\/sites\/28\/2026\/02\/ptcCaresLogo-1024x512-1.gif\",\"datePublished\":\"2026-01-09T21:03:08+00:00\",\"dateModified\":\"2026-03-16T14:02:48+00:00\",\"breadcrumb\":{\"@id\":\"https:\/\/www.ptcbio.ca\/fr\/programme-de-soutien-aux-patients\/#breadcrumb\"},\"inLanguage\":\"fr-CA\",\"potentialAction\":[{\"@type\":\"ReadAction\",\"target\":[\"https:\/\/www.ptcbio.ca\/fr\/programme-de-soutien-aux-patients\/\"]}]},{\"@type\":\"ImageObject\",\"inLanguage\":\"fr-CA\",\"@id\":\"https:\/\/www.ptcbio.ca\/fr\/programme-de-soutien-aux-patients\/#primaryimage\",\"url\":\"https:\/\/www.ptcbio.ca\/fr\/wp-content\/uploads\/sites\/28\/2026\/02\/ptcCaresLogo-1024x512-1.gif\",\"contentUrl\":\"https:\/\/www.ptcbio.ca\/fr\/wp-content\/uploads\/sites\/28\/2026\/02\/ptcCaresLogo-1024x512-1.gif\",\"width\":1024,\"height\":512,\"caption\":\"PTC Cares Logo\"},{\"@type\":\"BreadcrumbList\",\"@id\":\"https:\/\/www.ptcbio.ca\/fr\/programme-de-soutien-aux-patients\/#breadcrumb\",\"itemListElement\":[{\"@type\":\"ListItem\",\"position\":1,\"name\":\"Home\",\"item\":\"https:\/\/www.ptcbio.ca\/fr\/\"},{\"@type\":\"ListItem\",\"position\":2,\"name\":\"Programme de soutien aux patients\"}]},{\"@type\":\"WebSite\",\"@id\":\"https:\/\/www.ptcbio.ca\/fr\/#website\",\"url\":\"https:\/\/www.ptcbio.ca\/fr\/\",\"name\":\"PTC Therapeutics (Canada-French)\",\"description\":\"\",\"publisher\":{\"@id\":\"https:\/\/www.ptcbio.ca\/fr\/#organization\"},\"potentialAction\":[{\"@type\":\"SearchAction\",\"target\":{\"@type\":\"EntryPoint\",\"urlTemplate\":\"https:\/\/www.ptcbio.ca\/fr\/?s={search_term_string}\"},\"query-input\":{\"@type\":\"PropertyValueSpecification\",\"valueRequired\":true,\"valueName\":\"search_term_string\"}}],\"inLanguage\":\"fr-CA\"},{\"@type\":\"Organization\",\"@id\":\"https:\/\/www.ptcbio.ca\/fr\/#organization\",\"name\":\"PTC Therapeutics (Canada-French)\",\"url\":\"https:\/\/www.ptcbio.ca\/fr\/\",\"logo\":{\"@type\":\"ImageObject\",\"inLanguage\":\"fr-CA\",\"@id\":\"https:\/\/www.ptcbio.ca\/fr\/#\/schema\/logo\/image\/\",\"url\":\"https:\/\/www.ptcbio.ca\/fr\/wp-content\/uploads\/sites\/28\/2026\/04\/ptcLogo.png\",\"contentUrl\":\"https:\/\/www.ptcbio.ca\/fr\/wp-content\/uploads\/sites\/28\/2026\/04\/ptcLogo.png\",\"width\":542,\"height\":542,\"caption\":\"PTC Therapeutics (Canada-French)\"},\"image\":{\"@id\":\"https:\/\/www.ptcbio.ca\/fr\/#\/schema\/logo\/image\/\"}}]}<\/script>\n<!-- \/ Yoast SEO Premium plugin. -->","yoast_head_json":{"title":"Programme de soutien aux patients - PTC Therapeutics (Canada-French)","robots":{"index":"index","follow":"follow","max-snippet":"max-snippet:-1","max-image-preview":"max-image-preview:large","max-video-preview":"max-video-preview:-1"},"canonical":"https:\/\/www.ptcbio.ca\/fr\/programme-de-soutien-aux-patients\/","og_locale":"fr_CA","og_type":"article","og_title":"Programme de soutien aux patients","og_description":"Le programme se soutien pour patients, PTC Cares est pr\u00e9sent tout au long de votre parcours de traitement avec SEPHIENCE &#8211; en offrant un soutien personnalis\u00e9 reposant sur quatre piliers cl\u00e9s. Aide \u00e0 la recherchede remboursement Soutien en\u00e9ducation Servicespharmaceutiques Servicesinfirmiers Si vous souhaitez en savoir plus sur les services offerts par PTC Cares, communiquez avec&hellip;","og_url":"https:\/\/www.ptcbio.ca\/fr\/programme-de-soutien-aux-patients\/","og_site_name":"PTC Therapeutics (Canada-French)","article_modified_time":"2026-03-16T14:02:48+00:00","og_image":[{"width":1024,"height":512,"url":"https:\/\/www.ptcbio.ca\/fr\/wp-content\/uploads\/sites\/28\/2026\/02\/ptcCaresLogo-1024x512-1.gif","type":"image\/gif"}],"twitter_card":"summary_large_image","twitter_misc":{"Estimation du temps de lecture":"3 minutes"},"schema":{"@context":"https:\/\/schema.org","@graph":[{"@type":"WebPage","@id":"https:\/\/www.ptcbio.ca\/fr\/programme-de-soutien-aux-patients\/","url":"https:\/\/www.ptcbio.ca\/fr\/programme-de-soutien-aux-patients\/","name":"Programme de soutien aux patients - PTC Therapeutics (Canada-French)","isPartOf":{"@id":"https:\/\/www.ptcbio.ca\/fr\/#website"},"primaryImageOfPage":{"@id":"https:\/\/www.ptcbio.ca\/fr\/programme-de-soutien-aux-patients\/#primaryimage"},"image":{"@id":"https:\/\/www.ptcbio.ca\/fr\/programme-de-soutien-aux-patients\/#primaryimage"},"thumbnailUrl":"https:\/\/www.ptcbio.ca\/fr\/wp-content\/uploads\/sites\/28\/2026\/02\/ptcCaresLogo-1024x512-1.gif","datePublished":"2026-01-09T21:03:08+00:00","dateModified":"2026-03-16T14:02:48+00:00","breadcrumb":{"@id":"https:\/\/www.ptcbio.ca\/fr\/programme-de-soutien-aux-patients\/#breadcrumb"},"inLanguage":"fr-CA","potentialAction":[{"@type":"ReadAction","target":["https:\/\/www.ptcbio.ca\/fr\/programme-de-soutien-aux-patients\/"]}]},{"@type":"ImageObject","inLanguage":"fr-CA","@id":"https:\/\/www.ptcbio.ca\/fr\/programme-de-soutien-aux-patients\/#primaryimage","url":"https:\/\/www.ptcbio.ca\/fr\/wp-content\/uploads\/sites\/28\/2026\/02\/ptcCaresLogo-1024x512-1.gif","contentUrl":"https:\/\/www.ptcbio.ca\/fr\/wp-content\/uploads\/sites\/28\/2026\/02\/ptcCaresLogo-1024x512-1.gif","width":1024,"height":512,"caption":"PTC Cares Logo"},{"@type":"BreadcrumbList","@id":"https:\/\/www.ptcbio.ca\/fr\/programme-de-soutien-aux-patients\/#breadcrumb","itemListElement":[{"@type":"ListItem","position":1,"name":"Home","item":"https:\/\/www.ptcbio.ca\/fr\/"},{"@type":"ListItem","position":2,"name":"Programme de soutien aux patients"}]},{"@type":"WebSite","@id":"https:\/\/www.ptcbio.ca\/fr\/#website","url":"https:\/\/www.ptcbio.ca\/fr\/","name":"PTC Therapeutics (Canada-French)","description":"","publisher":{"@id":"https:\/\/www.ptcbio.ca\/fr\/#organization"},"potentialAction":[{"@type":"SearchAction","target":{"@type":"EntryPoint","urlTemplate":"https:\/\/www.ptcbio.ca\/fr\/?s={search_term_string}"},"query-input":{"@type":"PropertyValueSpecification","valueRequired":true,"valueName":"search_term_string"}}],"inLanguage":"fr-CA"},{"@type":"Organization","@id":"https:\/\/www.ptcbio.ca\/fr\/#organization","name":"PTC Therapeutics (Canada-French)","url":"https:\/\/www.ptcbio.ca\/fr\/","logo":{"@type":"ImageObject","inLanguage":"fr-CA","@id":"https:\/\/www.ptcbio.ca\/fr\/#\/schema\/logo\/image\/","url":"https:\/\/www.ptcbio.ca\/fr\/wp-content\/uploads\/sites\/28\/2026\/04\/ptcLogo.png","contentUrl":"https:\/\/www.ptcbio.ca\/fr\/wp-content\/uploads\/sites\/28\/2026\/04\/ptcLogo.png","width":542,"height":542,"caption":"PTC Therapeutics (Canada-French)"},"image":{"@id":"https:\/\/www.ptcbio.ca\/fr\/#\/schema\/logo\/image\/"}}]}},"_links":{"self":[{"href":"https:\/\/www.ptcbio.ca\/fr\/wp-json\/wp\/v2\/pages\/17702","targetHints":{"allow":["GET"]}}],"collection":[{"href":"https:\/\/www.ptcbio.ca\/fr\/wp-json\/wp\/v2\/pages"}],"about":[{"href":"https:\/\/www.ptcbio.ca\/fr\/wp-json\/wp\/v2\/types\/page"}],"author":[{"embeddable":true,"href":"https:\/\/www.ptcbio.ca\/fr\/wp-json\/wp\/v2\/users\/14"}],"replies":[{"embeddable":true,"href":"https:\/\/www.ptcbio.ca\/fr\/wp-json\/wp\/v2\/comments?post=17702"}],"version-history":[{"count":16,"href":"https:\/\/www.ptcbio.ca\/fr\/wp-json\/wp\/v2\/pages\/17702\/revisions"}],"predecessor-version":[{"id":17842,"href":"https:\/\/www.ptcbio.ca\/fr\/wp-json\/wp\/v2\/pages\/17702\/revisions\/17842"}],"wp:attachment":[{"href":"https:\/\/www.ptcbio.ca\/fr\/wp-json\/wp\/v2\/media?parent=17702"}],"curies":[{"name":"wp","href":"https:\/\/api.w.org\/{rel}","templated":true}]}}