{"id":13,"date":"2025-12-04T20:02:43","date_gmt":"2025-12-04T20:02:43","guid":{"rendered":"https:\/\/www.ptcbio.ca\/fr\/homepage\/"},"modified":"2026-03-05T12:46:35","modified_gmt":"2026-03-05T17:46:35","slug":"homepage","status":"publish","type":"page","link":"https:\/\/www.ptcbio.ca\/fr\/","title":{"rendered":"Page D&rsquo;accueil"},"content":{"rendered":"<div class=\"alignfull new-hero new-hero--new-hero--has-image\">\n\t\n\t\t<figure class=\"new-hero__img-outer new-hero__random\" data-image-pairings=\"[{&quot;link&quot;:null,&quot;label&quot;:&quot;Katie, vivent avec la PCU, \\u00c9tats-Unis\\n&quot;,&quot;xl&quot;:null,&quot;desktop&quot;:{&quot;src&quot;:&quot;https:\\\/\\\/www.ptcbio.ca\\\/fr\\\/wp-content\\\/uploads\\\/sites\\\/28\\\/2026\\\/02\\\/katie-headshot-desktop-1-2048x737.jpg&quot;,&quot;srcset&quot;:&quot;https:\\\/\\\/www.ptcbio.ca\\\/fr\\\/wp-content\\\/uploads\\\/sites\\\/28\\\/2026\\\/02\\\/katie-headshot-desktop-1-2048x737.jpg 2048w, https:\\\/\\\/www.ptcbio.ca\\\/fr\\\/wp-content\\\/uploads\\\/sites\\\/28\\\/2026\\\/02\\\/katie-headshot-desktop-1-300x108.jpg 300w, https:\\\/\\\/www.ptcbio.ca\\\/fr\\\/wp-content\\\/uploads\\\/sites\\\/28\\\/2026\\\/02\\\/katie-headshot-desktop-1-1024x369.jpg 1024w, https:\\\/\\\/www.ptcbio.ca\\\/fr\\\/wp-content\\\/uploads\\\/sites\\\/28\\\/2026\\\/02\\\/katie-headshot-desktop-1-768x276.jpg 768w, https:\\\/\\\/www.ptcbio.ca\\\/fr\\\/wp-content\\\/uploads\\\/sites\\\/28\\\/2026\\\/02\\\/katie-headshot-desktop-1-1536x553.jpg 1536w, https:\\\/\\\/www.ptcbio.ca\\\/fr\\\/wp-content\\\/uploads\\\/sites\\\/28\\\/2026\\\/02\\\/katie-headshot-desktop-1-400x144.jpg 400w&quot;,&quot;sizes&quot;:&quot;auto, 100vw&quot;,&quot;alt&quot;:&quot;Katie, vivent avec la PCU, \\u00c9tats-Unis&quot;,&quot;width&quot;:2048,&quot;height&quot;:737},&quot;mobile&quot;:{&quot;src&quot;:&quot;https:\\\/\\\/www.ptcbio.ca\\\/fr\\\/wp-content\\\/uploads\\\/sites\\\/28\\\/2026\\\/02\\\/katie-headshot-mobile.jpg&quot;,&quot;srcset&quot;:&quot;https:\\\/\\\/www.ptcbio.ca\\\/fr\\\/wp-content\\\/uploads\\\/sites\\\/28\\\/2026\\\/02\\\/katie-headshot-mobile.jpg 400w, https:\\\/\\\/www.ptcbio.ca\\\/fr\\\/wp-content\\\/uploads\\\/sites\\\/28\\\/2026\\\/02\\\/katie-headshot-mobile-200x300.jpg 200w&quot;,&quot;sizes&quot;:&quot;auto, 100vw&quot;,&quot;width&quot;:400,&quot;height&quot;:600}}]\">\n\t<picture>\n\t\t\t\t\t\t\t\t<source\n\t\t\t\tdata-image-pairing='desktop'\n\t\t\t\tsrcset=\"https:\/\/www.ptcbio.ca\/fr\/wp-content\/uploads\/sites\/28\/2026\/02\/katie-headshot-desktop-1-2048x737.jpg 2048w, https:\/\/www.ptcbio.ca\/fr\/wp-content\/uploads\/sites\/28\/2026\/02\/katie-headshot-desktop-1-300x108.jpg 300w, https:\/\/www.ptcbio.ca\/fr\/wp-content\/uploads\/sites\/28\/2026\/02\/katie-headshot-desktop-1-1024x369.jpg 1024w, https:\/\/www.ptcbio.ca\/fr\/wp-content\/uploads\/sites\/28\/2026\/02\/katie-headshot-desktop-1-768x276.jpg 768w, https:\/\/www.ptcbio.ca\/fr\/wp-content\/uploads\/sites\/28\/2026\/02\/katie-headshot-desktop-1-1536x553.jpg 1536w, https:\/\/www.ptcbio.ca\/fr\/wp-content\/uploads\/sites\/28\/2026\/02\/katie-headshot-desktop-1-400x144.jpg 400w\"\n\t\t\t\tmedia=\"(min-width:400px)\"\n\t\t\t\tsizes=\"auto, 100vw\"\n\t\t\t\t\t\t\t\t\twidth=\"2048\"\n\t\t\t\t\theight=\"737\"\n\t\t\t\t\t\t\t\/>\n\t\t\t<source\n\t\t\t\tdata-image-pairing='mobile'\n\t\t\t\tsrcset=\"https:\/\/www.ptcbio.ca\/fr\/wp-content\/uploads\/sites\/28\/2026\/02\/katie-headshot-mobile.jpg 400w, https:\/\/www.ptcbio.ca\/fr\/wp-content\/uploads\/sites\/28\/2026\/02\/katie-headshot-mobile-200x300.jpg 200w\"\n\t\t\t\t\t\t\t\t\tsizes=\"auto, 100vw\"\n\t\t\t\t\t\t\t\t\t\t\t\t\theight=\"600\"\n\t\t\t\t\twidth=\"400\"\n\t\t\t\t\t\t\t\/>\n\t\t\t\t<img\n\t\t\tdata-image-pairing='desktop'\n\t\t\tsrc=\"https:\/\/www.ptcbio.ca\/fr\/wp-content\/uploads\/sites\/28\/2026\/02\/katie-headshot-desktop-1-2048x737.jpg\"\n\t\t\tsrcset=\"https:\/\/www.ptcbio.ca\/fr\/wp-content\/uploads\/sites\/28\/2026\/02\/katie-headshot-desktop-1-2048x737.jpg 2048w, https:\/\/www.ptcbio.ca\/fr\/wp-content\/uploads\/sites\/28\/2026\/02\/katie-headshot-desktop-1-300x108.jpg 300w, https:\/\/www.ptcbio.ca\/fr\/wp-content\/uploads\/sites\/28\/2026\/02\/katie-headshot-desktop-1-1024x369.jpg 1024w, https:\/\/www.ptcbio.ca\/fr\/wp-content\/uploads\/sites\/28\/2026\/02\/katie-headshot-desktop-1-768x276.jpg 768w, https:\/\/www.ptcbio.ca\/fr\/wp-content\/uploads\/sites\/28\/2026\/02\/katie-headshot-desktop-1-1536x553.jpg 1536w, https:\/\/www.ptcbio.ca\/fr\/wp-content\/uploads\/sites\/28\/2026\/02\/katie-headshot-desktop-1-400x144.jpg 400w\"\n\t\t\tclass=\"new-hero__img new-hero__random\"\n\t\t\talt=\"Katie, vivent avec la PCU, \u00c9tats-Unis\"\n\t\t\tloading=\"lazy\" decoding=\"async\"\n\t\t\t\t\t\t\tsizes=\"auto, 100vw\"\n\t\t\t\t\t\t\t\t\t\twidth=\"2048\"\n\t\t\t\theight=\"737\"\n\t\t\t\t\t\/>\n\t<\/picture>\n\t<figcaption class=\"new-hero__img-cap new-hero__random\"><div data-image-pairing-cap class=\"container container--max-width container--padded\">Katie, vivent avec la PCU, \u00c9tats-Unis\n<\/div><\/figcaption>\n\t<\/figure>\n\t\n\t\t\t<div class=\"new-hero__inner\">\n\t\t\t<div class=\"new-hero__content new-hero__content--has-image\">\n\t\t\t\t\t\t\t\t\t<h1 class=\"new-hero__titles\">\n\t\t\t\t\t\t\t\t\t\t\t\t<span class=\"new-hero__title\">Traduire la science<\/span>\n\t\t\t\t\t\t\t\t\t\t\t\t\t\t\t\t\t\t<span class=\"new-hero__subtitle\">Transformer des vies<\/span>\n\t\t\t\t\t\t\t\t\t\t\t<\/h1>\n\t\t\t\t\t\t\t\t\t\t\t\t\t<div class=\"new-hero__eyebrow\">Offrir des traitements transformateurs aux patients de tous \u00e2ges atteints de maladies rares aux besoins non satisfaits<\/div>\n\t\t\t\t\t\t\t<\/div>\n\t\t<\/div>\n\t<\/div>\n\n\t<div class=\"hero__breadcrumbs\"><nav\n\tclass=\"breadcrumbs breadcrumbs--shallow\"\n\taria-label=\"Breadcrumb\"\n>\n\t<ol class=\"breadcrumbs__list\" itemscope itemtype=\"https:\/\/schema.org\/BreadcrumbList\">\n\t\t\t\t\t\t\t\t\t<li class=\"breadcrumbs__crumb breadcrumbs__crumb--light\" itemscope itemprop=\"itemListElement\" itemtype=\"https:\/\/schema.org\/ListItem\">\n\t\t\t\t\t\t\t\t\t\t\t<a class=\"breadcrumbs__link breadcrumbs__link--home breadcrumbs__link--light\" itemprop=\"item\" href=\"https:\/\/www.ptcbio.ca\/fr\/\">\n\t\t\t\t\t\t\t<span class=\"sr-only\" itemprop=\"name\">Page D&rsquo;accueil<\/span>\n\t\t\t\t\t\t<\/a>\n\t\t\t\t\t\t\t\t\t\t<meta itemprop=\"position\" content=\"1\" \/>\n\t\t\t\t<\/li>\n\t\t\t\t\t\t\t\t\t\t\t\t<li class=\"breadcrumbs__crumb breadcrumbs__crumb--light\" itemscope itemprop=\"itemListElement\" itemtype=\"https:\/\/schema.org\/ListItem\">\n\t\t\t\t\t\t\t\t\t\t\t\t\t\t\t\t\t\t<span\n\t\t\t\t\t\t\t\tclass=\"breadcrumbs__current\" itemprop=\"item\"\n\t\t\t\t\t\t\t\taria-current=\"page\"\t\t\t\t\t\t\t>\n\t\t\t\t\t\t\t\t<span itemprop=\"name\">Page D&rsquo;accueil<\/span>\n\t\t\t\t\t\t\t<\/span>\n\t\t\t\t\t\t\t\t\t\t\t\t\t\t\t\t<meta itemprop=\"position\" content=\"2\" \/>\n\t\t\t\t<\/li>\n\t\t\t\t\t\t<\/ol>\n<\/nav>\n<\/div>\n\n\n<div  class=\"text-block text-block--standard color-theme--white\">\n\t\t<div class=\"text-block__wrapper\" >\n\n\t\t\n\t\t\t\t\t<h3 class=\"text-block__heading\">\n\t\t\t\t<span class=\"heading--3\"  data-ptc-fitty=\"\">L\u2019innovation, port\u00e9e par la science et une passion au service des patients<\/span>\n\t\t\t<\/h3>\n\t\t\n\t\t<div class=\"text-block__content wysiwyg--decoration wysiwyg--color\">\n\t\t\t<p>PTC est une entreprise biopharmaceutique mondiale qui d\u00e9couvre, d\u00e9veloppe et commercialise des m\u00e9dicaments cliniquement diff\u00e9renci\u00e9s. Ces traitements s\u2019adressent aux enfants et aux adultes atteints de maladies graves pour lesquelles les besoins m\u00e9dicaux demeurent non combl\u00e9s. Notre capacit\u00e9 \u00e0 rep\u00e9rer de nouvelles th\u00e9rapies innovantes et \u00e0 commercialiser des m\u00e9dicaments partout dans le monde est la base qui soutient l\u2019investissement dans un portefeuille diversifi\u00e9.<\/p>\n\t\t<\/div>\n\n\t\t\n\t\t\n\t<\/div>\n<\/div>\n\n\n\n<svg  class=\"wave-transition\" xmlns=\"http:\/\/www.w3.org\/2000\/svg\" viewBox=\"0 0 2560 168\" style=\"color:var(--wp--preset--color--white);\">\n\t<path fill=\"var(--wp--preset--color--sky-blue-partial)\" d=\"M2560,168.25V.25C1941.9-6.65,1329.6,131.45,726,95.25S0,.25,0,.25V168.25H2560Z\"\/>\n<\/svg>\n\n\n<div  class=\"text-block text-block--standard color-theme--sky-blue-partial\">\n\t\t<div class=\"text-block__wrapper\" >\n\n\t\t\t\t\t<div class=\"text-block__subheading heading--6\">\n\t\t\t\tNos m\u00e9dicaments\t\t\t<\/div>\n\t\t\n\t\t\t\t\t<h3 class=\"text-block__heading\">\n\t\t\t\t<span class=\"heading--3\"  data-ptc-fitty=\"\">Une science r\u00e9volutionnaire<\/span>\n\t\t\t<\/h3>\n\t\t\n\t\t<div class=\"text-block__content wysiwyg--decoration wysiwyg--color\">\n\t\t\t<p>Nos th\u00e9rapies approuv\u00e9es aux \u00c9tats-Unis et dans d\u2019autres pays comprennent une s\u00e9rie de premi\u00e8res\u00a0: le premier traitement approuv\u00e9 au monde pour la dystrophie musculaire de Duchenne, la premi\u00e8re th\u00e9rapie g\u00e9nique approuv\u00e9e administr\u00e9e directement dans le cerveau et le premier modificateur d\u2019\u00e9pissage de petites mol\u00e9cules approuv\u00e9. Nous continuons d\u2019investir dans un portefeuille diversifi\u00e9 pour des maladies o\u00f9 les besoins ne sont pas combl\u00e9s.<\/p>\n\t\t<\/div>\n\n\t\t\n\t\t\t<div class=\"dual-cta__ctas dual-cta__ctas--same dual-cta__ctas--center\">\n\n\t\t\t\t\t<a href=\"https:\/\/www.ptcbio.ca\/fr\/nos-medicaments\/\" target=\"\" class=\"dual-cta__button btn btn--primary\">Voir nos m\u00e9dicaments au Canada<\/a>\n\t\t\n\t\t\n\t\t\n\t<\/div>\n\n\t<\/div>\n<\/div>\n\n\n\n<svg  class=\"wave-transition\" xmlns=\"http:\/\/www.w3.org\/2000\/svg\" viewBox=\"0 0 2560 168\" style=\"color:var(--wp--preset--color--sky-blue-partial);\">\n\t<path fill=\"var(--wp--preset--color--white)\" d=\"M2560,168.25V.25C1941.9-6.65,1329.6,131.45,726,95.25S0,.25,0,.25V168.25H2560Z\"\/>\n<\/svg>\n\n\n\n<div class=\"wp-block-group is-layout-constrained wp-block-group-is-layout-constrained\">\n<div class=\"wp-block-group is-layout-constrained wp-block-group-is-layout-constrained\">\n<div style=\"--mg-spacer-desktop: 48px; --mg-spacer-mobile: 24px; height: var(--mg-spacer-desktop);\" aria-hidden=\"true\" class=\"mg-spacer--responsive wp-block-spacer\"><\/div>\n\n\n\n<h6 class=\"wp-block-heading has-text-align-center\" id=\"h-domaines-therapeutiques\">DOMAINES TH\u00c9RAPEUTIQUES<\/h6>\n\n\n\n<h2 class=\"wp-block-heading has-text-align-center\" id=\"h-maladies-au-coeur-de-nos-priorites\">Maladies au c\u0153ur de nos priorit\u00e9s<\/h2>\n<\/div>\n\n\n\n<div class=\"wp-block-group is-layout-constrained wp-block-group-is-layout-constrained\">\n<figure class=\"wp-block-image aligncenter size-full is-resized\"><img loading=\"lazy\" decoding=\"async\" width=\"486\" height=\"486\" src=\"https:\/\/www.ptcbio.ca\/fr\/wp-content\/uploads\/sites\/28\/2026\/02\/Disease-in-focus-3.png\" alt=\"PKU Patient\" class=\"wp-image-17746\" style=\"width:266px;height:auto\" srcset=\"https:\/\/www.ptcbio.ca\/fr\/wp-content\/uploads\/sites\/28\/2026\/02\/Disease-in-focus-3.png 486w, https:\/\/www.ptcbio.ca\/fr\/wp-content\/uploads\/sites\/28\/2026\/02\/Disease-in-focus-3-300x300.png 300w, https:\/\/www.ptcbio.ca\/fr\/wp-content\/uploads\/sites\/28\/2026\/02\/Disease-in-focus-3-150x150.png 150w, https:\/\/www.ptcbio.ca\/fr\/wp-content\/uploads\/sites\/28\/2026\/02\/Disease-in-focus-3-400x400.png 400w\" sizes=\"auto, (max-width: 486px) 100vw, 486px\" \/><\/figure>\n\n\n\n<h4 class=\"wp-block-heading has-text-align-center\" id=\"h-phenylcetonurie-pcu\">Ph\u00e9nylc\u00e9tonurie (PCU)<\/h4>\n\n\n\n<p class=\"has-text-align-center core-block core-paragraph\">Affection m\u00e9tabolique caus\u00e9e par des mutations du l\u2019hydroxylase de la ph\u00e9nylalanine (PAH), une enzyme digestive cl\u00e9, qui entra\u00eene des troubles cognitifs et des crises convulsives.<\/p>\n<\/div>\n\n\n\n<div class=\"wp-block-mg-align-button aligncenter\"><a href=\"https:\/\/www.ptcbio.ca\/fr\/domaines-therapeutiques\/\" class=\"btn btn--primary\" target=\"_self\" rel=\"noopener noreferrer\">En savoir plus<\/a><\/div>\n<\/div>\n","protected":false},"excerpt":{"rendered":"<p>DOMAINES TH\u00c9RAPEUTIQUES Maladies au c\u0153ur de nos priorit\u00e9s Ph\u00e9nylc\u00e9tonurie (PCU) Affection m\u00e9tabolique caus\u00e9e par des mutations du l\u2019hydroxylase de la ph\u00e9nylalanine (PAH), une enzyme digestive cl\u00e9, qui entra\u00eene des troubles cognitifs et des crises convulsives.<\/p>\n","protected":false},"author":14,"featured_media":0,"parent":0,"menu_order":0,"comment_status":"closed","ping_status":"closed","template":"","meta":{"_acf_changed":false,"footnotes":""},"class_list":["post-13","page","type-page","status-publish","hentry"],"acf":[],"yoast_head":"<!-- This site is optimized with the Yoast SEO Premium plugin v27.2 (Yoast SEO v27.2) - https:\/\/yoast.com\/product\/yoast-seo-premium-wordpress\/ -->\n<title>Page D&#039;accueil - PTC Therapeutics (Canada-French)<\/title>\n<meta name=\"robots\" content=\"index, follow, max-snippet:-1, max-image-preview:large, max-video-preview:-1\" \/>\n<link rel=\"canonical\" href=\"https:\/\/www.ptcbio.ca\/fr\/\" \/>\n<meta property=\"og:locale\" content=\"fr_CA\" \/>\n<meta property=\"og:type\" content=\"article\" \/>\n<meta property=\"og:title\" content=\"Page D&#039;accueil\" \/>\n<meta property=\"og:description\" content=\"DOMAINES TH\u00c9RAPEUTIQUES Maladies au c\u0153ur de nos priorit\u00e9s Ph\u00e9nylc\u00e9tonurie (PCU) Affection m\u00e9tabolique caus\u00e9e par des mutations du l\u2019hydroxylase de la ph\u00e9nylalanine (PAH), une enzyme digestive cl\u00e9, qui entra\u00eene des troubles cognitifs et des crises convulsives.\" \/>\n<meta property=\"og:url\" content=\"https:\/\/www.ptcbio.ca\/fr\/\" \/>\n<meta property=\"og:site_name\" content=\"PTC Therapeutics (Canada-French)\" \/>\n<meta property=\"article:modified_time\" content=\"2026-03-05T17:46:35+00:00\" \/>\n<meta property=\"og:image\" content=\"https:\/\/www.ptcbio.ca\/fr\/wp-content\/uploads\/sites\/28\/2026\/02\/Disease-in-focus-3.png\" \/>\n<meta name=\"twitter:card\" content=\"summary_large_image\" \/>\n<meta name=\"twitter:label1\" content=\"Estimation du temps de lecture\" \/>\n\t<meta name=\"twitter:data1\" content=\"1 minute\" \/>\n<script type=\"application\/ld+json\" class=\"yoast-schema-graph\">{\"@context\":\"https:\/\/schema.org\",\"@graph\":[{\"@type\":\"WebPage\",\"@id\":\"https:\/\/www.ptcbio.ca\/fr\/\",\"url\":\"https:\/\/www.ptcbio.ca\/fr\/\",\"name\":\"Page D'accueil - PTC Therapeutics (Canada-French)\",\"isPartOf\":{\"@id\":\"https:\/\/www.ptcbio.ca\/fr\/#website\"},\"primaryImageOfPage\":{\"@id\":\"https:\/\/www.ptcbio.ca\/fr\/#primaryimage\"},\"image\":{\"@id\":\"https:\/\/www.ptcbio.ca\/fr\/#primaryimage\"},\"thumbnailUrl\":\"https:\/\/www.ptcbio.ca\/fr\/wp-content\/uploads\/sites\/28\/2026\/02\/Disease-in-focus-3.png\",\"datePublished\":\"2025-12-04T20:02:43+00:00\",\"dateModified\":\"2026-03-05T17:46:35+00:00\",\"breadcrumb\":{\"@id\":\"https:\/\/www.ptcbio.ca\/fr\/#breadcrumb\"},\"inLanguage\":\"fr-CA\",\"potentialAction\":[{\"@type\":\"ReadAction\",\"target\":[\"https:\/\/www.ptcbio.ca\/fr\/\"]}]},{\"@type\":\"ImageObject\",\"inLanguage\":\"fr-CA\",\"@id\":\"https:\/\/www.ptcbio.ca\/fr\/#primaryimage\",\"url\":\"https:\/\/www.ptcbio.ca\/fr\/wp-content\/uploads\/sites\/28\/2026\/02\/Disease-in-focus-3.png\",\"contentUrl\":\"https:\/\/www.ptcbio.ca\/fr\/wp-content\/uploads\/sites\/28\/2026\/02\/Disease-in-focus-3.png\",\"width\":486,\"height\":486,\"caption\":\"PKU Patient\"},{\"@type\":\"BreadcrumbList\",\"@id\":\"https:\/\/www.ptcbio.ca\/fr\/#breadcrumb\",\"itemListElement\":[{\"@type\":\"ListItem\",\"position\":1,\"name\":\"Home\",\"item\":\"https:\/\/www.ptcbio.ca\/fr\/\"},{\"@type\":\"ListItem\",\"position\":2,\"name\":\"Page D&#8217;accueil\"}]},{\"@type\":\"WebSite\",\"@id\":\"https:\/\/www.ptcbio.ca\/fr\/#website\",\"url\":\"https:\/\/www.ptcbio.ca\/fr\/\",\"name\":\"PTC Therapeutics (Canada-French)\",\"description\":\"\",\"publisher\":{\"@id\":\"https:\/\/www.ptcbio.ca\/fr\/#organization\"},\"potentialAction\":[{\"@type\":\"SearchAction\",\"target\":{\"@type\":\"EntryPoint\",\"urlTemplate\":\"https:\/\/www.ptcbio.ca\/fr\/?s={search_term_string}\"},\"query-input\":{\"@type\":\"PropertyValueSpecification\",\"valueRequired\":true,\"valueName\":\"search_term_string\"}}],\"inLanguage\":\"fr-CA\"},{\"@type\":\"Organization\",\"@id\":\"https:\/\/www.ptcbio.ca\/fr\/#organization\",\"name\":\"PTC Therapeutics (Canada-French)\",\"url\":\"https:\/\/www.ptcbio.ca\/fr\/\",\"logo\":{\"@type\":\"ImageObject\",\"inLanguage\":\"fr-CA\",\"@id\":\"https:\/\/www.ptcbio.ca\/fr\/#\/schema\/logo\/image\/\",\"url\":\"https:\/\/www.ptcbio.ca\/fr\/wp-content\/uploads\/sites\/28\/2026\/04\/ptcLogo.png\",\"contentUrl\":\"https:\/\/www.ptcbio.ca\/fr\/wp-content\/uploads\/sites\/28\/2026\/04\/ptcLogo.png\",\"width\":542,\"height\":542,\"caption\":\"PTC Therapeutics (Canada-French)\"},\"image\":{\"@id\":\"https:\/\/www.ptcbio.ca\/fr\/#\/schema\/logo\/image\/\"}}]}<\/script>\n<!-- \/ Yoast SEO Premium plugin. -->","yoast_head_json":{"title":"Page D'accueil - PTC Therapeutics (Canada-French)","robots":{"index":"index","follow":"follow","max-snippet":"max-snippet:-1","max-image-preview":"max-image-preview:large","max-video-preview":"max-video-preview:-1"},"canonical":"https:\/\/www.ptcbio.ca\/fr\/","og_locale":"fr_CA","og_type":"article","og_title":"Page D'accueil","og_description":"DOMAINES TH\u00c9RAPEUTIQUES Maladies au c\u0153ur de nos priorit\u00e9s Ph\u00e9nylc\u00e9tonurie (PCU) Affection m\u00e9tabolique caus\u00e9e par des mutations du l\u2019hydroxylase de la ph\u00e9nylalanine (PAH), une enzyme digestive cl\u00e9, qui entra\u00eene des troubles cognitifs et des crises convulsives.","og_url":"https:\/\/www.ptcbio.ca\/fr\/","og_site_name":"PTC Therapeutics (Canada-French)","article_modified_time":"2026-03-05T17:46:35+00:00","og_image":[{"url":"https:\/\/www.ptcbio.ca\/fr\/wp-content\/uploads\/sites\/28\/2026\/02\/Disease-in-focus-3.png","type":"","width":"","height":""}],"twitter_card":"summary_large_image","twitter_misc":{"Estimation du temps de lecture":"1 minute"},"schema":{"@context":"https:\/\/schema.org","@graph":[{"@type":"WebPage","@id":"https:\/\/www.ptcbio.ca\/fr\/","url":"https:\/\/www.ptcbio.ca\/fr\/","name":"Page D'accueil - PTC Therapeutics (Canada-French)","isPartOf":{"@id":"https:\/\/www.ptcbio.ca\/fr\/#website"},"primaryImageOfPage":{"@id":"https:\/\/www.ptcbio.ca\/fr\/#primaryimage"},"image":{"@id":"https:\/\/www.ptcbio.ca\/fr\/#primaryimage"},"thumbnailUrl":"https:\/\/www.ptcbio.ca\/fr\/wp-content\/uploads\/sites\/28\/2026\/02\/Disease-in-focus-3.png","datePublished":"2025-12-04T20:02:43+00:00","dateModified":"2026-03-05T17:46:35+00:00","breadcrumb":{"@id":"https:\/\/www.ptcbio.ca\/fr\/#breadcrumb"},"inLanguage":"fr-CA","potentialAction":[{"@type":"ReadAction","target":["https:\/\/www.ptcbio.ca\/fr\/"]}]},{"@type":"ImageObject","inLanguage":"fr-CA","@id":"https:\/\/www.ptcbio.ca\/fr\/#primaryimage","url":"https:\/\/www.ptcbio.ca\/fr\/wp-content\/uploads\/sites\/28\/2026\/02\/Disease-in-focus-3.png","contentUrl":"https:\/\/www.ptcbio.ca\/fr\/wp-content\/uploads\/sites\/28\/2026\/02\/Disease-in-focus-3.png","width":486,"height":486,"caption":"PKU Patient"},{"@type":"BreadcrumbList","@id":"https:\/\/www.ptcbio.ca\/fr\/#breadcrumb","itemListElement":[{"@type":"ListItem","position":1,"name":"Home","item":"https:\/\/www.ptcbio.ca\/fr\/"},{"@type":"ListItem","position":2,"name":"Page D&#8217;accueil"}]},{"@type":"WebSite","@id":"https:\/\/www.ptcbio.ca\/fr\/#website","url":"https:\/\/www.ptcbio.ca\/fr\/","name":"PTC Therapeutics (Canada-French)","description":"","publisher":{"@id":"https:\/\/www.ptcbio.ca\/fr\/#organization"},"potentialAction":[{"@type":"SearchAction","target":{"@type":"EntryPoint","urlTemplate":"https:\/\/www.ptcbio.ca\/fr\/?s={search_term_string}"},"query-input":{"@type":"PropertyValueSpecification","valueRequired":true,"valueName":"search_term_string"}}],"inLanguage":"fr-CA"},{"@type":"Organization","@id":"https:\/\/www.ptcbio.ca\/fr\/#organization","name":"PTC Therapeutics (Canada-French)","url":"https:\/\/www.ptcbio.ca\/fr\/","logo":{"@type":"ImageObject","inLanguage":"fr-CA","@id":"https:\/\/www.ptcbio.ca\/fr\/#\/schema\/logo\/image\/","url":"https:\/\/www.ptcbio.ca\/fr\/wp-content\/uploads\/sites\/28\/2026\/04\/ptcLogo.png","contentUrl":"https:\/\/www.ptcbio.ca\/fr\/wp-content\/uploads\/sites\/28\/2026\/04\/ptcLogo.png","width":542,"height":542,"caption":"PTC Therapeutics (Canada-French)"},"image":{"@id":"https:\/\/www.ptcbio.ca\/fr\/#\/schema\/logo\/image\/"}}]}},"_links":{"self":[{"href":"https:\/\/www.ptcbio.ca\/fr\/wp-json\/wp\/v2\/pages\/13","targetHints":{"allow":["GET"]}}],"collection":[{"href":"https:\/\/www.ptcbio.ca\/fr\/wp-json\/wp\/v2\/pages"}],"about":[{"href":"https:\/\/www.ptcbio.ca\/fr\/wp-json\/wp\/v2\/types\/page"}],"author":[{"embeddable":true,"href":"https:\/\/www.ptcbio.ca\/fr\/wp-json\/wp\/v2\/users\/14"}],"replies":[{"embeddable":true,"href":"https:\/\/www.ptcbio.ca\/fr\/wp-json\/wp\/v2\/comments?post=13"}],"version-history":[{"count":18,"href":"https:\/\/www.ptcbio.ca\/fr\/wp-json\/wp\/v2\/pages\/13\/revisions"}],"predecessor-version":[{"id":17835,"href":"https:\/\/www.ptcbio.ca\/fr\/wp-json\/wp\/v2\/pages\/13\/revisions\/17835"}],"wp:attachment":[{"href":"https:\/\/www.ptcbio.ca\/fr\/wp-json\/wp\/v2\/media?parent=13"}],"curies":[{"name":"wp","href":"https:\/\/api.w.org\/{rel}","templated":true}]}}