{"id":11,"date":"2025-12-04T20:02:43","date_gmt":"2025-12-04T20:02:43","guid":{"rendered":"https:\/\/www.ptcbio.ca\/fr\/contact-us\/"},"modified":"2026-03-05T12:49:15","modified_gmt":"2026-03-05T17:49:15","slug":"communiquer-avec-nous","status":"publish","type":"page","link":"https:\/\/www.ptcbio.ca\/fr\/communiquer-avec-nous\/","title":{"rendered":"Communiquer avec nous"},"content":{"rendered":"<div class=\"hero-header__outer-container\">\n\n\t<div class=\"hero hero--styled color-theme--light-blue hero--no-image hero--normal-spacing\">\n\t\t\t\t\t\t\t\t\t\t<div class=\"hero__inner hero__inner--center\">\n\t\t\t<div class=\"hero__content hero__content--center hero__content--no-image\">\n\t\t\t\t\t\t\t\t\t\t\t\t\t\t\t\t<div class=\"u-mt-1 u-my-2\"><h1 class=\"hero__title hero__title--standard\" data-ptc-fitty=\"\">Communiquer avec nous<\/h1><\/div>\n\t\t\t\t\t\t\t\t\t\t\t\t<div class=\"hero__subtitle\">Nous aimerions avoir de vos nouvelles! La communication est la cl\u00e9 de notre solide bilan de r\u00e9ussite \u00e0 l\u2019\u00e9chelle mondiale.<\/div>\n\t\t\t\t\t\t\t\t\t\t\t<\/div>\n\t\t\t\t\t<\/div>\n\t\t\t<\/div>\n\t\t\t<div class=\"hero__breadcrumbs\"><nav\n\tclass=\"breadcrumbs breadcrumbs--shallow\"\n\taria-label=\"Breadcrumb\"\n>\n\t<ol class=\"breadcrumbs__list\" itemscope itemtype=\"https:\/\/schema.org\/BreadcrumbList\">\n\t\t\t\t\t\t\t\t\t<li class=\"breadcrumbs__crumb breadcrumbs__crumb--dark\" itemscope itemprop=\"itemListElement\" itemtype=\"https:\/\/schema.org\/ListItem\">\n\t\t\t\t\t\t\t\t\t\t\t<a class=\"breadcrumbs__link breadcrumbs__link--home breadcrumbs__link--dark\" itemprop=\"item\" href=\"https:\/\/www.ptcbio.ca\/fr\/\">\n\t\t\t\t\t\t\t<span class=\"sr-only\" itemprop=\"name\">Page D&rsquo;accueil<\/span>\n\t\t\t\t\t\t<\/a>\n\t\t\t\t\t\t\t\t\t\t<meta itemprop=\"position\" content=\"1\" \/>\n\t\t\t\t<\/li>\n\t\t\t\t\t\t\t\t\t\t\t\t<li class=\"breadcrumbs__crumb breadcrumbs__crumb--dark\" itemscope itemprop=\"itemListElement\" itemtype=\"https:\/\/schema.org\/ListItem\">\n\t\t\t\t\t\t\t\t\t\t\t\t\t\t\t\t\t\t<span\n\t\t\t\t\t\t\t\tclass=\"breadcrumbs__current\" itemprop=\"item\"\n\t\t\t\t\t\t\t\taria-current=\"page\"\t\t\t\t\t\t\t>\n\t\t\t\t\t\t\t\t<span itemprop=\"name\">Communiquer avec nous<\/span>\n\t\t\t\t\t\t\t<\/span>\n\t\t\t\t\t\t\t\t\t\t\t\t\t\t\t\t<meta itemprop=\"position\" content=\"2\" \/>\n\t\t\t\t<\/li>\n\t\t\t\t\t\t<\/ol>\n<\/nav>\n<\/div>\n\t<\/div>\n\n\n\n<div class=\"wp-block-columns is-layout-flex wp-container-core-columns-is-layout-0010fc35 wp-block-columns-is-layout-flex\" style=\"margin-top:var(--wp--preset--spacing--80);margin-bottom:0\">\n<div class=\"wp-block-column is-layout-flow wp-block-column-is-layout-flow\">\n<h2 class=\"wp-block-heading is-style-h3\" id=\"h-bureau-au-canada\">Bureau au Canada<\/h2>\n\n\n\n<p class=\"core-block core-paragraph\">PTC Therapeutics Canada Limited<br>3250 Bloor Street West,<br>East Tower, Suite 600,<br>Toronto, ON, M8X 2X9<br>T\u00e9l\u00e9phone: +1 431 485 3790<\/p>\n<\/div>\n\n\n\n<div class=\"wp-block-column is-layout-flow wp-block-column-is-layout-flow\">\n<h2 class=\"wp-block-heading is-style-h3\" id=\"h-siege-social-international\">Si\u00e8ge social international<\/h2>\n\n\n\n<p class=\"core-block core-paragraph\">PTC Therapeutics International Limited<br>Unit 1, 52-55 Sir John Rogerson\u2019s Quay<br>Dublin 2<br>D02 NA07<br>Ireland<br>T\u00e9l\u00e9phone: +353 1 906 8700<\/p>\n<\/div>\n<\/div>\n\n\n\n<hr class=\"wp-block-separator aligncenter has-alpha-channel-opacity is-style-default\"\/>\n\n\n\n<h2 class=\"wp-block-heading is-style-h3\" id=\"h-information-medicale-canada\">Information M\u00e9dicale Canada<\/h2>\n\n\n\n<ul class=\"core-block core-list core-list--ul\" class=\"wp-block-list\">\n<li><strong>Pour les renseignements m\u00e9dicaux au Canada<\/strong>: <a href=\"mailto:camedinfo@ptcbio.com\">camedinfo@ptcbio.com<\/a> ou au +1&nbsp;866-899-7002<\/li>\n<\/ul>\n","protected":false},"excerpt":{"rendered":"<p>Bureau au Canada PTC Therapeutics Canada Limited3250 Bloor Street West,East Tower, Suite 600,Toronto, ON, M8X 2X9T\u00e9l\u00e9phone: +1 431 485 3790 Si\u00e8ge social international PTC Therapeutics International LimitedUnit 1, 52-55 Sir John Rogerson\u2019s QuayDublin 2D02 NA07IrelandT\u00e9l\u00e9phone: +353 1 906 8700 Information M\u00e9dicale Canada<\/p>\n","protected":false},"author":1,"featured_media":0,"parent":0,"menu_order":0,"comment_status":"closed","ping_status":"closed","template":"","meta":{"_acf_changed":false,"footnotes":""},"class_list":["post-11","page","type-page","status-publish","hentry"],"acf":[],"yoast_head":"<!-- This site is optimized with the Yoast SEO Premium plugin v27.2 (Yoast SEO v27.2) - https:\/\/yoast.com\/product\/yoast-seo-premium-wordpress\/ -->\n<title>Communiquer avec nous - PTC Therapeutics (Canada-French)<\/title>\n<meta name=\"robots\" content=\"index, follow, max-snippet:-1, max-image-preview:large, max-video-preview:-1\" \/>\n<link rel=\"canonical\" href=\"https:\/\/www.ptcbio.ca\/fr\/communiquer-avec-nous\/\" \/>\n<meta property=\"og:locale\" content=\"fr_CA\" \/>\n<meta property=\"og:type\" content=\"article\" \/>\n<meta property=\"og:title\" content=\"Communiquer avec nous\" \/>\n<meta property=\"og:description\" content=\"Bureau au Canada PTC Therapeutics Canada Limited3250 Bloor Street West,East Tower, Suite 600,Toronto, ON, M8X 2X9T\u00e9l\u00e9phone: +1 431 485 3790 Si\u00e8ge social international PTC Therapeutics International LimitedUnit 1, 52-55 Sir John Rogerson\u2019s QuayDublin 2D02 NA07IrelandT\u00e9l\u00e9phone: +353 1 906 8700 Information M\u00e9dicale Canada\" \/>\n<meta property=\"og:url\" content=\"https:\/\/www.ptcbio.ca\/fr\/communiquer-avec-nous\/\" \/>\n<meta property=\"og:site_name\" content=\"PTC Therapeutics (Canada-French)\" \/>\n<meta property=\"article:modified_time\" content=\"2026-03-05T17:49:15+00:00\" \/>\n<meta name=\"twitter:card\" content=\"summary_large_image\" \/>\n<meta name=\"twitter:label1\" content=\"Estimation du temps de lecture\" \/>\n\t<meta name=\"twitter:data1\" content=\"1 minute\" \/>\n<script type=\"application\/ld+json\" class=\"yoast-schema-graph\">{\"@context\":\"https:\/\/schema.org\",\"@graph\":[{\"@type\":\"WebPage\",\"@id\":\"https:\/\/www.ptcbio.ca\/fr\/communiquer-avec-nous\/\",\"url\":\"https:\/\/www.ptcbio.ca\/fr\/communiquer-avec-nous\/\",\"name\":\"Communiquer avec nous - PTC Therapeutics (Canada-French)\",\"isPartOf\":{\"@id\":\"https:\/\/www.ptcbio.ca\/fr\/#website\"},\"datePublished\":\"2025-12-04T20:02:43+00:00\",\"dateModified\":\"2026-03-05T17:49:15+00:00\",\"breadcrumb\":{\"@id\":\"https:\/\/www.ptcbio.ca\/fr\/communiquer-avec-nous\/#breadcrumb\"},\"inLanguage\":\"fr-CA\",\"potentialAction\":[{\"@type\":\"ReadAction\",\"target\":[\"https:\/\/www.ptcbio.ca\/fr\/communiquer-avec-nous\/\"]}]},{\"@type\":\"BreadcrumbList\",\"@id\":\"https:\/\/www.ptcbio.ca\/fr\/communiquer-avec-nous\/#breadcrumb\",\"itemListElement\":[{\"@type\":\"ListItem\",\"position\":1,\"name\":\"Home\",\"item\":\"https:\/\/www.ptcbio.ca\/fr\/\"},{\"@type\":\"ListItem\",\"position\":2,\"name\":\"Communiquer avec nous\"}]},{\"@type\":\"WebSite\",\"@id\":\"https:\/\/www.ptcbio.ca\/fr\/#website\",\"url\":\"https:\/\/www.ptcbio.ca\/fr\/\",\"name\":\"PTC Therapeutics (Canada-French)\",\"description\":\"\",\"publisher\":{\"@id\":\"https:\/\/www.ptcbio.ca\/fr\/#organization\"},\"potentialAction\":[{\"@type\":\"SearchAction\",\"target\":{\"@type\":\"EntryPoint\",\"urlTemplate\":\"https:\/\/www.ptcbio.ca\/fr\/?s={search_term_string}\"},\"query-input\":{\"@type\":\"PropertyValueSpecification\",\"valueRequired\":true,\"valueName\":\"search_term_string\"}}],\"inLanguage\":\"fr-CA\"},{\"@type\":\"Organization\",\"@id\":\"https:\/\/www.ptcbio.ca\/fr\/#organization\",\"name\":\"PTC Therapeutics (Canada-French)\",\"url\":\"https:\/\/www.ptcbio.ca\/fr\/\",\"logo\":{\"@type\":\"ImageObject\",\"inLanguage\":\"fr-CA\",\"@id\":\"https:\/\/www.ptcbio.ca\/fr\/#\/schema\/logo\/image\/\",\"url\":\"https:\/\/www.ptcbio.ca\/fr\/wp-content\/uploads\/sites\/28\/2026\/04\/ptcLogo.png\",\"contentUrl\":\"https:\/\/www.ptcbio.ca\/fr\/wp-content\/uploads\/sites\/28\/2026\/04\/ptcLogo.png\",\"width\":542,\"height\":542,\"caption\":\"PTC Therapeutics (Canada-French)\"},\"image\":{\"@id\":\"https:\/\/www.ptcbio.ca\/fr\/#\/schema\/logo\/image\/\"}}]}<\/script>\n<!-- \/ Yoast SEO Premium plugin. -->","yoast_head_json":{"title":"Communiquer avec nous - PTC Therapeutics (Canada-French)","robots":{"index":"index","follow":"follow","max-snippet":"max-snippet:-1","max-image-preview":"max-image-preview:large","max-video-preview":"max-video-preview:-1"},"canonical":"https:\/\/www.ptcbio.ca\/fr\/communiquer-avec-nous\/","og_locale":"fr_CA","og_type":"article","og_title":"Communiquer avec nous","og_description":"Bureau au Canada PTC Therapeutics Canada Limited3250 Bloor Street West,East Tower, Suite 600,Toronto, ON, M8X 2X9T\u00e9l\u00e9phone: +1 431 485 3790 Si\u00e8ge social international PTC Therapeutics International LimitedUnit 1, 52-55 Sir John Rogerson\u2019s QuayDublin 2D02 NA07IrelandT\u00e9l\u00e9phone: +353 1 906 8700 Information M\u00e9dicale Canada","og_url":"https:\/\/www.ptcbio.ca\/fr\/communiquer-avec-nous\/","og_site_name":"PTC Therapeutics (Canada-French)","article_modified_time":"2026-03-05T17:49:15+00:00","twitter_card":"summary_large_image","twitter_misc":{"Estimation du temps de lecture":"1 minute"},"schema":{"@context":"https:\/\/schema.org","@graph":[{"@type":"WebPage","@id":"https:\/\/www.ptcbio.ca\/fr\/communiquer-avec-nous\/","url":"https:\/\/www.ptcbio.ca\/fr\/communiquer-avec-nous\/","name":"Communiquer avec nous - PTC Therapeutics (Canada-French)","isPartOf":{"@id":"https:\/\/www.ptcbio.ca\/fr\/#website"},"datePublished":"2025-12-04T20:02:43+00:00","dateModified":"2026-03-05T17:49:15+00:00","breadcrumb":{"@id":"https:\/\/www.ptcbio.ca\/fr\/communiquer-avec-nous\/#breadcrumb"},"inLanguage":"fr-CA","potentialAction":[{"@type":"ReadAction","target":["https:\/\/www.ptcbio.ca\/fr\/communiquer-avec-nous\/"]}]},{"@type":"BreadcrumbList","@id":"https:\/\/www.ptcbio.ca\/fr\/communiquer-avec-nous\/#breadcrumb","itemListElement":[{"@type":"ListItem","position":1,"name":"Home","item":"https:\/\/www.ptcbio.ca\/fr\/"},{"@type":"ListItem","position":2,"name":"Communiquer avec nous"}]},{"@type":"WebSite","@id":"https:\/\/www.ptcbio.ca\/fr\/#website","url":"https:\/\/www.ptcbio.ca\/fr\/","name":"PTC Therapeutics (Canada-French)","description":"","publisher":{"@id":"https:\/\/www.ptcbio.ca\/fr\/#organization"},"potentialAction":[{"@type":"SearchAction","target":{"@type":"EntryPoint","urlTemplate":"https:\/\/www.ptcbio.ca\/fr\/?s={search_term_string}"},"query-input":{"@type":"PropertyValueSpecification","valueRequired":true,"valueName":"search_term_string"}}],"inLanguage":"fr-CA"},{"@type":"Organization","@id":"https:\/\/www.ptcbio.ca\/fr\/#organization","name":"PTC Therapeutics (Canada-French)","url":"https:\/\/www.ptcbio.ca\/fr\/","logo":{"@type":"ImageObject","inLanguage":"fr-CA","@id":"https:\/\/www.ptcbio.ca\/fr\/#\/schema\/logo\/image\/","url":"https:\/\/www.ptcbio.ca\/fr\/wp-content\/uploads\/sites\/28\/2026\/04\/ptcLogo.png","contentUrl":"https:\/\/www.ptcbio.ca\/fr\/wp-content\/uploads\/sites\/28\/2026\/04\/ptcLogo.png","width":542,"height":542,"caption":"PTC Therapeutics (Canada-French)"},"image":{"@id":"https:\/\/www.ptcbio.ca\/fr\/#\/schema\/logo\/image\/"}}]}},"_links":{"self":[{"href":"https:\/\/www.ptcbio.ca\/fr\/wp-json\/wp\/v2\/pages\/11","targetHints":{"allow":["GET"]}}],"collection":[{"href":"https:\/\/www.ptcbio.ca\/fr\/wp-json\/wp\/v2\/pages"}],"about":[{"href":"https:\/\/www.ptcbio.ca\/fr\/wp-json\/wp\/v2\/types\/page"}],"author":[{"embeddable":true,"href":"https:\/\/www.ptcbio.ca\/fr\/wp-json\/wp\/v2\/users\/1"}],"replies":[{"embeddable":true,"href":"https:\/\/www.ptcbio.ca\/fr\/wp-json\/wp\/v2\/comments?post=11"}],"version-history":[{"count":6,"href":"https:\/\/www.ptcbio.ca\/fr\/wp-json\/wp\/v2\/pages\/11\/revisions"}],"predecessor-version":[{"id":17837,"href":"https:\/\/www.ptcbio.ca\/fr\/wp-json\/wp\/v2\/pages\/11\/revisions\/17837"}],"wp:attachment":[{"href":"https:\/\/www.ptcbio.ca\/fr\/wp-json\/wp\/v2\/media?parent=11"}],"curies":[{"name":"wp","href":"https:\/\/api.w.org\/{rel}","templated":true}]}}